{"id":124,"date":"2020-12-30T12:48:00","date_gmt":"2020-12-30T12:48:00","guid":{"rendered":"https:\/\/tatatuck.ch\/2021\/?page_id=124"},"modified":"2022-08-04T08:00:19","modified_gmt":"2022-08-04T06:00:19","slug":"ueber-uns","status":"publish","type":"page","link":"https:\/\/tatatuck.ch\/2021\/ueber-uns\/","title":{"rendered":"\u00dcber uns"},"content":{"rendered":"<div  style='padding-bottom:10px; ' class='av-special-heading av-special-heading-h1  blockquote modern-quote  avia-builder-el-0  el_before_av_one_third  avia-builder-el-first  '><h1 class='av-special-heading-tag '  itemprop=\"headline\"  >\u00dcber uns<\/h1><div class='special-heading-border'><div class='special-heading-inner-border' ><\/div><\/div><\/div>\n<div class=\"flex_column av_one_third  av-animated-generic pop-up  flex_column_div first  avia-builder-el-1  el_after_av_heading  el_before_av_one_third  \" style='margin-top:15px; margin-bottom:15px; background: #ffffff; border-width:1px; border-color:#ffffff; border-style:solid; box-shadow: 0 0 10px 0 #eeeeee; padding:15px; background-color:#ffffff; border-radius:5px; '><p><div  style='padding-bottom:10px; margin-top:20px; ' class='av-special-heading av-special-heading-h2  blockquote modern-quote  avia-builder-el-2  el_before_av_image  avia-builder-el-first  '><h2 class='av-special-heading-tag '  itemprop=\"headline\"  >Im Wald<\/h2><div class='special-heading-border'><div class='special-heading-inner-border' ><\/div><\/div><\/div><br \/>\n<div  class='avia-image-container avia_animated_image avia_animate_when_almost_visible fade-in av-styling-    avia-builder-el-3  el_after_av_heading  el_before_av_textblock  avia-align-left '  itemprop=\"image\" itemscope=\"itemscope\" itemtype=\"https:\/\/schema.org\/ImageObject\"  ><div class='avia-image-container-inner'><div class='avia-image-overlay-wrap'><img loading=\"lazy\" decoding=\"async\" class='wp-image-126 avia-img-lazy-loading-126 avia_image' src=\"https:\/\/tatatuck.ch\/2021\/wp-content\/uploads\/2020\/12\/marianne.jpg\" alt='' title='Marianne Tschan' height=\"363\" width=\"300\"  itemprop=\"thumbnailUrl\" srcset=\"https:\/\/tatatuck.ch\/2021\/wp-content\/uploads\/2020\/12\/marianne.jpg 300w, https:\/\/tatatuck.ch\/2021\/wp-content\/uploads\/2020\/12\/marianne-248x300.jpg 248w\" sizes=\"auto, (max-width: 300px) 100vw, 300px\" \/><\/div><\/div><\/div><br \/>\n<section class=\"av_textblock_section \"  itemscope=\"itemscope\" itemtype=\"https:\/\/schema.org\/CreativeWork\" ><div class='avia_textblock  '   itemprop=\"text\" ><p>Marianne Tschan, Kinderg\u00e4rtnerin, Spielgruppenleiterin, Erwachsenenbildnerin, Waldorfp\u00e4dagogin (Rudolf Steiner P\u00e4dagogik) und Trainerin f\u00fcr Gewaltfreie Kommunikation nach M. Rosenberg, betreut seit 2003 die Tatatuck Waldangebote. Sie hat viel Erfahrung, freut sich auf Eure Kinder und teilt mit ihnen und Euch gerne ihre reichen Sch\u00e4tze.<\/p>\n<\/div><\/section><br \/>\n<div  style='padding-bottom:10px; ' class='av-special-heading av-special-heading-h2  blockquote modern-quote  avia-builder-el-5  el_after_av_textblock  el_before_av_textblock  '><h2 class='av-special-heading-tag '  itemprop=\"headline\"  >Im Hintergrund<\/h2><div class='special-heading-border'><div class='special-heading-inner-border' ><\/div><\/div><\/div><br \/>\n<section class=\"av_textblock_section \"  itemscope=\"itemscope\" itemtype=\"https:\/\/schema.org\/CreativeWork\" ><div class='avia_textblock  '   itemprop=\"text\" ><p><strong>Vorstand<\/strong><\/p>\n<p>Rebekka Niemeyer<\/p>\n<p>David Risi<\/p>\n<p>Daniela Michel<\/p>\n<p>Marianne Tschan<\/p>\n<\/div><\/section><\/p><\/div>\n<div class=\"flex_column av_one_third  av-animated-generic pop-up  flex_column_div   avia-builder-el-7  el_after_av_one_third  el_before_av_one_third  \" style='margin-top:15px; margin-bottom:15px; background: #ffffff; border-width:1px; border-color:#ffffff; border-style:solid; box-shadow: 0 0 10px 0 #eeeeee; padding:15px; background-color:#ffffff; border-radius:5px; '><p><div  style='padding-bottom:0px; ' class='av-special-heading av-special-heading-h1 meta-heading blockquote modern-quote  avia-builder-el-8  el_before_av_heading  avia-builder-el-first  '><h1 class='av-special-heading-tag '  itemprop=\"headline\"  >Unser Wald<\/h1><div class='special-heading-border'><div class='special-heading-inner-border' ><\/div><\/div><\/div><br \/>\n<div  style='padding-bottom:10px; margin-top:20px; ' class='av-special-heading av-special-heading-h2  blockquote modern-quote  avia-builder-el-9  el_after_av_heading  el_before_av_textblock  '><h2 class='av-special-heading-tag '  itemprop=\"headline\"  >Lernort Wald<\/h2><div class='special-heading-border'><div class='special-heading-inner-border' ><\/div><\/div><\/div><br \/>\n<section class=\"av_textblock_section \"  itemscope=\"itemscope\" itemtype=\"https:\/\/schema.org\/CreativeWork\" ><div class='avia_textblock  '   itemprop=\"text\" ><p>Remo Largo, begr\u00fcssen Sie die Zunahme von Naturschulen?<br \/>\n\u201cJa, die Kinder gehen gerne hin. Auch wenn es kalt und nass ist. Wenn man bedenkt, dass Kinder bis vor etwa 200 Jahren im Freien aufgewachsen sind, erstaunt dies eigentlich nicht. Die Entwicklung der Kinder ist auf die Natur und nicht auf Wohnr\u00e4ume abgestimmt.\u201d\u00a0 <a title=\"Lernort Wald\" href=\"https:\/\/tatatuck.ch\/2021\/ueber-uns\/lernort-wald\/\">>>mehr<\/a><\/p>\n<p><a href=\"http:\/\/www.migrosmagazin.ch\/menschen\/reportage\/artikel\/die-natur-als-klassenzimmer\">Artikel &#8222;Die Natur als Klassenzimmer&#8220; (MIGROS-Magazin, 8.4.2013)<\/a><\/p>\n<\/div><\/section><br \/>\n<div  style='padding-bottom:10px; ' class='av-special-heading av-special-heading-h2  blockquote modern-quote  avia-builder-el-11  el_after_av_textblock  el_before_av_textblock  '><h2 class='av-special-heading-tag '  itemprop=\"headline\"  >Anfahrt<\/h2><div class='special-heading-border'><div class='special-heading-inner-border' ><\/div><\/div><\/div><br \/>\n<section class=\"av_textblock_section \"  itemscope=\"itemscope\" itemtype=\"https:\/\/schema.org\/CreativeWork\" ><div class='avia_textblock  '   itemprop=\"text\" ><p><a title=\"Anfahrt (Treffpunkt)\" href=\"https:\/\/tatatuck.ch\/2021\/ueber-uns\/anfahrt-treffpunkt\/\">>> Hier geht&#8217;s zur Karte<\/a><\/p>\n<\/div><\/section><br \/>\n<div  class='avia-image-container avia_animated_image avia_animate_when_almost_visible fade-in av-styling-    avia-builder-el-13  el_after_av_textblock  avia-builder-el-last  avia-align-left '  itemprop=\"image\" itemscope=\"itemscope\" itemtype=\"https:\/\/schema.org\/ImageObject\"  ><div class='avia-image-container-inner'><div class='avia-image-overlay-wrap'><img loading=\"lazy\" decoding=\"async\" class='wp-image-127 avia-img-lazy-loading-127 avia_image' src=\"https:\/\/tatatuck.ch\/2021\/wp-content\/uploads\/2020\/12\/DSC_0179.jpg\" alt='' title='' height=\"720\" width=\"482\"  itemprop=\"thumbnailUrl\" srcset=\"https:\/\/tatatuck.ch\/2021\/wp-content\/uploads\/2020\/12\/DSC_0179.jpg 482w, https:\/\/tatatuck.ch\/2021\/wp-content\/uploads\/2020\/12\/DSC_0179-201x300.jpg 201w, https:\/\/tatatuck.ch\/2021\/wp-content\/uploads\/2020\/12\/DSC_0179-472x705.jpg 472w\" sizes=\"auto, (max-width: 482px) 100vw, 482px\" \/><\/div><\/div><\/div><\/p><\/div>\n<div class=\"flex_column av_one_third  av-animated-generic pop-up  flex_column_div   avia-builder-el-14  el_after_av_one_third  avia-builder-el-last  \" style='margin-top:15px; margin-bottom:15px; background: #ffffff; border-width:1px; border-color:#ffffff; border-style:solid; box-shadow: 0 0 10px 0 #eeeeee; padding:15px; background-color:#ffffff; border-radius:5px; '><p><div  style='padding-bottom:0px; ' class='av-special-heading av-special-heading-h1 meta-heading blockquote modern-quote  avia-builder-el-15  el_before_av_textblock  avia-builder-el-first  '><h1 class='av-special-heading-tag '  itemprop=\"headline\"  >Unser Konzept<\/h1><div class='special-heading-border'><div class='special-heading-inner-border' ><\/div><\/div><\/div><br \/>\n<section class=\"av_textblock_section \"  itemscope=\"itemscope\" itemtype=\"https:\/\/schema.org\/CreativeWork\" ><div class='avia_textblock  '   itemprop=\"text\" ><p>Kindsein d\u00fcrfen, spielen, bauen und gedeihen \u2013\u00a0im intensiven miterleben der Naturprozesse.<\/p>\n<p>Entwicklungs-, Spiel- und Lernraum f\u00fcr Kinder,\u00a0Eltern, Fachpersonen, die sich mit ihren unterschiedlichen Begabungen und St\u00e4rken an Neues\u00a0heranwagen, um sich so als ganze Menschen\u00a0immer wieder neu zu bilden, zu gestalten. <a title=\"Leitbild\" href=\"https:\/\/tatatuck.ch\/2021\/ueber-uns\/leitbild\/\">>>mehr<\/a><\/p>\n<\/div><\/section><br \/>\n<div  class='avia-image-container avia_animated_image avia_animate_when_almost_visible fade-in av-styling-    avia-builder-el-17  el_after_av_textblock  el_before_av_hr  avia-align-left '  itemprop=\"image\" itemscope=\"itemscope\" itemtype=\"https:\/\/schema.org\/ImageObject\"  ><div class='avia-image-container-inner'><div class='avia-image-overlay-wrap'><img loading=\"lazy\" decoding=\"async\" class='wp-image-128 avia-img-lazy-loading-128 avia_image' src=\"https:\/\/tatatuck.ch\/2021\/wp-content\/uploads\/2020\/12\/DSC_6463.jpg\" alt='' title='' height=\"1536\" width=\"1024\"  itemprop=\"thumbnailUrl\" srcset=\"https:\/\/tatatuck.ch\/2021\/wp-content\/uploads\/2020\/12\/DSC_6463.jpg 1024w, https:\/\/tatatuck.ch\/2021\/wp-content\/uploads\/2020\/12\/DSC_6463-200x300.jpg 200w, https:\/\/tatatuck.ch\/2021\/wp-content\/uploads\/2020\/12\/DSC_6463-687x1030.jpg 687w, https:\/\/tatatuck.ch\/2021\/wp-content\/uploads\/2020\/12\/DSC_6463-768x1152.jpg 768w, https:\/\/tatatuck.ch\/2021\/wp-content\/uploads\/2020\/12\/DSC_6463-1000x1500.jpg 1000w, https:\/\/tatatuck.ch\/2021\/wp-content\/uploads\/2020\/12\/DSC_6463-470x705.jpg 470w\" sizes=\"auto, (max-width: 1024px) 100vw, 1024px\" \/><\/div><\/div><\/div><br \/>\n<div  style='height:10px' class='hr hr-invisible   avia-builder-el-18  el_after_av_image  el_before_av_heading '><span class='hr-inner ' ><span class='hr-inner-style'><\/span><\/span><\/div><br \/>\n<div  style='padding-bottom:0px; margin-top:15px; ' class='av-special-heading av-special-heading-h1 meta-heading blockquote modern-quote  avia-builder-el-19  el_after_av_hr  el_before_av_heading  '><h1 class='av-special-heading-tag '  itemprop=\"headline\"  >Unser Umfeld<\/h1><div class='special-heading-border'><div class='special-heading-inner-border' ><\/div><\/div><\/div><br \/>\n<div  style='padding-bottom:10px; margin-top:20px; ' class='av-special-heading av-special-heading-h2  blockquote modern-quote  avia-builder-el-20  el_after_av_heading  el_before_av_textblock  '><h2 class='av-special-heading-tag '  itemprop=\"headline\"  >Verein, Mitglieder und G\u00f6nner<\/h2><div class='special-heading-border'><div class='special-heading-inner-border' ><\/div><\/div><\/div><br \/>\n<section class=\"av_textblock_section \"  itemscope=\"itemscope\" itemtype=\"https:\/\/schema.org\/CreativeWork\" ><div class='avia_textblock  '   itemprop=\"text\" ><p>Der Baum mit seinem Wurzelwerk und der Stamm, der die Baumkrone tr\u00e4gt und mit Nahrung versorgt, war und ist unser Vorbild f\u00fcr unsere Organisations- und Vereinsstruktur. <a title=\"Der Verein\" href=\"https:\/\/tatatuck.ch\/2021\/ueber-uns\/verein-goenner\/\">>>mehr \u00fcber den Verein<\/a><\/p>\n<\/div><\/section><br \/>\n<div  style='padding-bottom:10px; ' class='av-special-heading av-special-heading-h2  blockquote modern-quote  avia-builder-el-22  el_after_av_textblock  el_before_av_textblock  '><h2 class='av-special-heading-tag '  itemprop=\"headline\"  >Pressetexte<\/h2><div class='special-heading-border'><div class='special-heading-inner-border' ><\/div><\/div><\/div><br \/>\n<section class=\"av_textblock_section \"  itemscope=\"itemscope\" itemtype=\"https:\/\/schema.org\/CreativeWork\" ><div class='avia_textblock  '   itemprop=\"text\" ><p>Schauen Sie ins <a title=\"Pressetexte\" href=\"https:\/\/tatatuck.ch\/2021\/pressetexte\/\">Archiv unserer Pressetexte.<\/a><\/p>\n<\/div><\/section><\/p><\/div>\n","protected":false},"excerpt":{"rendered":"","protected":false},"author":1,"featured_media":0,"parent":0,"menu_order":0,"comment_status":"closed","ping_status":"closed","template":"","meta":{"footnotes":""},"class_list":["post-124","page","type-page","status-publish","hentry"],"_links":{"self":[{"href":"https:\/\/tatatuck.ch\/2021\/wp-json\/wp\/v2\/pages\/124","targetHints":{"allow":["GET"]}}],"collection":[{"href":"https:\/\/tatatuck.ch\/2021\/wp-json\/wp\/v2\/pages"}],"about":[{"href":"https:\/\/tatatuck.ch\/2021\/wp-json\/wp\/v2\/types\/page"}],"author":[{"embeddable":true,"href":"https:\/\/tatatuck.ch\/2021\/wp-json\/wp\/v2\/users\/1"}],"replies":[{"embeddable":true,"href":"https:\/\/tatatuck.ch\/2021\/wp-json\/wp\/v2\/comments?post=124"}],"version-history":[{"count":11,"href":"https:\/\/tatatuck.ch\/2021\/wp-json\/wp\/v2\/pages\/124\/revisions"}],"predecessor-version":[{"id":384,"href":"https:\/\/tatatuck.ch\/2021\/wp-json\/wp\/v2\/pages\/124\/revisions\/384"}],"wp:attachment":[{"href":"https:\/\/tatatuck.ch\/2021\/wp-json\/wp\/v2\/media?parent=124"}],"curies":[{"name":"wp","href":"https:\/\/api.w.org\/{rel}","templated":true}]}}