{"id":138,"date":"2020-12-30T13:41:03","date_gmt":"2020-12-30T13:41:03","guid":{"rendered":"https:\/\/tatatuck.ch\/2021\/?page_id=138"},"modified":"2020-12-30T13:41:03","modified_gmt":"2020-12-30T13:41:03","slug":"verein-goenner","status":"publish","type":"page","link":"https:\/\/tatatuck.ch\/2021\/ueber-uns\/verein-goenner\/","title":{"rendered":"Verein\/G\u00f6nner"},"content":{"rendered":"<div class=\"flex_column av_four_fifth  av-animated-generic pop-up  flex_column_div first  avia-builder-el-0  el_before_av_one_fifth  avia-builder-el-first  \" style='margin-top:0px; margin-bottom:15px; background: #ffffff; border-width:1px; border-color:#ffffff; border-style:solid; box-shadow: 0 0 10px 0 #eeeeee; padding:15px; background-color:#ffffff; border-radius:5px; '><p><div  style='padding-bottom:10px; ' class='av-special-heading av-special-heading-h2  blockquote modern-quote  avia-builder-el-1  el_before_av_textblock  avia-builder-el-first  '><h2 class='av-special-heading-tag '  itemprop=\"headline\"  >Der Verein<\/h2><div class='special-heading-border'><div class='special-heading-inner-border' ><\/div><\/div><\/div><br \/>\n<section class=\"av_textblock_section \"  itemscope=\"itemscope\" itemtype=\"https:\/\/schema.org\/CreativeWork\" ><div class='avia_textblock  '   itemprop=\"text\" ><p>Der Baum mit seinem Wurzelwerk und dem Stamm, der die Baumkrone tr\u00e4gt und mit Nahrung versorgt, war und ist unser Vorbild f\u00fcr unsere Organisations- und Vereinsstruktur. In der Krone spielt sich das bunte Leben ab \u2013 darin sind all unsere Aktivit\u00e4ten mit den Kindern angesiedelt. Das Wurzelwerk ist uns Bild f\u00fcr unsere Grundlagenarbeit in Zusammenarbeit mit den Eltern in Form von Elternabenden, Kursen Veranstaltungen,\u00a0 der eigenen Weiterbildung und Qualit\u00e4tsentwicklung. Der Stamm tr\u00e4gt und verbindet das Wurzelwerk mit der Krone und ihrer Entfaltung! So tr\u00e4gt der Verein\u00a0 das ganze Projekt. Umgesetzt wird diese\u00a0 gr\u00f6sstenteils ehrenamtliche Arbeit durch die Stammgruppe in der der Vereinsvorstand, Elternvertreter\/innen und die leitenden Mitarbeiter\/innen sich regelm\u00e4ssig treffen und sich um den Erhalt und die Fortentwicklung des Projekt k\u00fcmmern!<\/p>\n<p>Wollen Sie an diesen Prozessen teilhaben? Werden Sie F\u00f6rdermitglied: Anmeldeformular unter &#8218;dokumente&#8216;<\/p>\n<p><a href=\"https:\/\/tatatuck.ch\/2021\/wp-content\/uploads\/2020\/12\/Statuten_Verein_Waldkindergarten_Tatatuck.pdf\">Vereinsstatuten (pdf)<\/a><\/p>\n<\/div><\/section><\/p><\/div><div class=\"flex_column av_one_fifth  av-animated-generic pop-up  flex_column_div av-zero-column-padding   avia-builder-el-3  el_after_av_four_fifth  el_before_av_four_fifth  \" style='margin-top:0px; margin-bottom:15px; background: #ffffff; border-width:1px; border-color:#ffffff; border-style:solid; box-shadow: 0 0 10px 0 #eeeeee; background-color:#ffffff; border-radius:5px; '><div  class='avia-image-container  av-styling-    avia-builder-el-4  avia-builder-el-no-sibling  avia-align-center '  itemprop=\"image\" itemscope=\"itemscope\" itemtype=\"https:\/\/schema.org\/ImageObject\"  ><div class='avia-image-container-inner'><div class='avia-image-overlay-wrap'><img decoding=\"async\" class='wp-image-34 avia-img-lazy-loading-not-34 avia_image' src=\"https:\/\/tatatuck.ch\/2021\/wp-content\/uploads\/2020\/12\/blaetter.jpg\" alt='' title='blaetter' height=\"400\" width=\"400\"  itemprop=\"thumbnailUrl\" srcset=\"https:\/\/tatatuck.ch\/2021\/wp-content\/uploads\/2020\/12\/blaetter.jpg 400w, https:\/\/tatatuck.ch\/2021\/wp-content\/uploads\/2020\/12\/blaetter-300x300.jpg 300w, https:\/\/tatatuck.ch\/2021\/wp-content\/uploads\/2020\/12\/blaetter-80x80.jpg 80w, https:\/\/tatatuck.ch\/2021\/wp-content\/uploads\/2020\/12\/blaetter-36x36.jpg 36w, https:\/\/tatatuck.ch\/2021\/wp-content\/uploads\/2020\/12\/blaetter-180x180.jpg 180w\" sizes=\"(max-width: 400px) 100vw, 400px\" \/><\/div><\/div><\/div><\/div><div class=\"flex_column av_four_fifth  av-animated-generic pop-up  flex_column_div first  avia-builder-el-5  el_after_av_one_fifth  avia-builder-el-last  column-top-margin\" style='margin-top:0px; margin-bottom:15px; background: #ffffff; border-width:1px; border-color:#ffffff; border-style:solid; box-shadow: 0 0 10px 0 #eeeeee; padding:15px; background-color:#ffffff; border-radius:5px; '><p><div  style='padding-bottom:10px; ' class='av-special-heading av-special-heading-h2  blockquote modern-quote  avia-builder-el-6  el_before_av_textblock  avia-builder-el-first  '><h2 class='av-special-heading-tag '  itemprop=\"headline\"  >Mitglieder und G\u00f6nner<\/h2><div class='special-heading-border'><div class='special-heading-inner-border' ><\/div><\/div><\/div><br \/>\n<section class=\"av_textblock_section \"  itemscope=\"itemscope\" itemtype=\"https:\/\/schema.org\/CreativeWork\" ><div class='avia_textblock  '   itemprop=\"text\" ><p>Der Betrieb des Waldkindergartens wird\u00a0mit privaten Mitteln sichergestellt.<\/p>\n<p>Dank Mitgliederbeitr\u00e4gen,\u00a0Benefizanl\u00e4ssen, Spenden und der Unterst\u00fctzung von G\u00f6nnern, ist\u00a0die Aufrechterhaltung des Betriebs m\u00f6glich.<\/p>\n<p>Helfern auch Sie mit!<\/p>\n<ol>\n<li>Mit einer <a href=\"https:\/\/tatatuck.ch\/2021\/wp-content\/uploads\/2020\/12\/Frdermitgliedschaft.pdf\">F\u00f6rdermitglied- oder Patenschaft<\/a>\u00a0beim Verein Waldkindergarten TATATUCK<br \/>\nDer Vereins-Mitgliederbeitrag liegt bei Fr. 20.00\/30.00 pro Jahr<\/li>\n<li>Mit einer Spende zugunsten des Waldkindergartens oder als Sponsor, der mithilft, diese Webseite zu betreiben (wir verlinken die Domain Ihrer Firma auf dieser Webseite)<\/li>\n<\/ol>\n<\/div><\/section><\/p><\/div><\/p>\n","protected":false},"excerpt":{"rendered":"","protected":false},"author":1,"featured_media":0,"parent":124,"menu_order":70,"comment_status":"closed","ping_status":"closed","template":"","meta":{"footnotes":""},"class_list":["post-138","page","type-page","status-publish","hentry"],"_links":{"self":[{"href":"https:\/\/tatatuck.ch\/2021\/wp-json\/wp\/v2\/pages\/138","targetHints":{"allow":["GET"]}}],"collection":[{"href":"https:\/\/tatatuck.ch\/2021\/wp-json\/wp\/v2\/pages"}],"about":[{"href":"https:\/\/tatatuck.ch\/2021\/wp-json\/wp\/v2\/types\/page"}],"author":[{"embeddable":true,"href":"https:\/\/tatatuck.ch\/2021\/wp-json\/wp\/v2\/users\/1"}],"replies":[{"embeddable":true,"href":"https:\/\/tatatuck.ch\/2021\/wp-json\/wp\/v2\/comments?post=138"}],"version-history":[{"count":1,"href":"https:\/\/tatatuck.ch\/2021\/wp-json\/wp\/v2\/pages\/138\/revisions"}],"predecessor-version":[{"id":141,"href":"https:\/\/tatatuck.ch\/2021\/wp-json\/wp\/v2\/pages\/138\/revisions\/141"}],"up":[{"embeddable":true,"href":"https:\/\/tatatuck.ch\/2021\/wp-json\/wp\/v2\/pages\/124"}],"wp:attachment":[{"href":"https:\/\/tatatuck.ch\/2021\/wp-json\/wp\/v2\/media?parent=138"}],"curies":[{"name":"wp","href":"https:\/\/api.w.org\/{rel}","templated":true}]}}