{"id":144,"date":"2020-12-30T13:48:20","date_gmt":"2020-12-30T13:48:20","guid":{"rendered":"https:\/\/tatatuck.ch\/2021\/?page_id=144"},"modified":"2021-06-06T21:38:35","modified_gmt":"2021-06-06T19:38:35","slug":"leitbild","status":"publish","type":"page","link":"https:\/\/tatatuck.ch\/2021\/ueber-uns\/leitbild\/","title":{"rendered":"Leitbild"},"content":{"rendered":"<div id='full_slider_1'  class='avia-fullwidth-slider main_color avia-shadow   avia-builder-el-0  el_before_av_heading  avia-builder-el-first   container_wrap sidebar_right' style=' '  ><div   data-size='featured'  data-lightbox_size='large'  data-animation='fade'  data-conditional_play=''  data-ids='116'  data-video_counter='0'  data-autoplay='true'  data-bg_slider='false'  data-slide_height=''  data-handle='av_slideshow_full'  data-interval='5'  data-class=' '  data-el_id=''  data-css_id=''  data-scroll_down=''  data-control_layout='av-control-hidden'  data-custom_markup=''  data-perma_caption=''  data-autoplay_stopper=''  data-image_attachment=''  data-min_height='0px'  data-lazy_loading='disabled'  data-src=''  data-position='top left'  data-repeat='no-repeat'  data-attach='scroll'  data-stretch=''  data-default-height='28.666666666667'  class='avia-slideshow avia-slideshow-1  av-control-hidden av-default-height-applied avia-slideshow-featured av_slideshow_full   avia-fade-slider '  itemprop=\"image\" itemscope=\"itemscope\" itemtype=\"https:\/\/schema.org\/ImageObject\" ><ul class='avia-slideshow-inner ' style='padding-bottom: 26.666666666667%;' ><li  class=' av-single-slide slide-1 ' ><div data-rel='slideshow-1' class='avia-slide-wrap '   ><img decoding=\"async\" class=\"wp-image-116 avia-img-lazy-loading-not-116\"  src=\"https:\/\/tatatuck.ch\/2021\/wp-content\/uploads\/2020\/12\/wasserstauen.jpg\" width=\"750\" height=\"200\" title='wasserstauen' alt=''  itemprop=\"thumbnailUrl\" srcset=\"https:\/\/tatatuck.ch\/2021\/wp-content\/uploads\/2020\/12\/wasserstauen.jpg 750w, https:\/\/tatatuck.ch\/2021\/wp-content\/uploads\/2020\/12\/wasserstauen-300x80.jpg 300w, https:\/\/tatatuck.ch\/2021\/wp-content\/uploads\/2020\/12\/wasserstauen-705x188.jpg 705w\" sizes=\"(max-width: 750px) 100vw, 750px\" \/><\/div><\/li><\/ul><\/div><\/div><div id='after_full_slider_1'  class='main_color av_default_container_wrap container_wrap sidebar_right' style=' '  ><div class='container' ><div class='template-page content  av-content-small alpha units'><div class='post-entry post-entry-type-page post-entry-144'><div class='entry-content-wrapper clearfix'>\n<div  style='padding-bottom:10px; ' class='av-special-heading av-special-heading-h1  blockquote modern-quote  avia-builder-el-1  el_after_av_slideshow_full  el_before_av_one_half  avia-builder-el-first  '><h1 class='av-special-heading-tag '  itemprop=\"headline\"  >Leitbild<\/h1><div class='special-heading-border'><div class='special-heading-inner-border' ><\/div><\/div><\/div>\n<div class=\"flex_column av_one_half  av-animated-generic pop-up  flex_column_div first  avia-builder-el-2  el_after_av_heading  el_before_av_one_half  \" style='margin-top:15px; margin-bottom:15px; background: #ffffff; border-width:1px; border-color:#ffffff; border-style:solid; box-shadow: 0 0 10px 0 #eeeeee; padding:15px; background-color:#ffffff; border-radius:5px; '><section class=\"av_textblock_section \"  itemscope=\"itemscope\" itemtype=\"https:\/\/schema.org\/CreativeWork\" ><div class='avia_textblock  '   itemprop=\"text\" ><p><b>Kindsein d\u00fcrfen, spielen, bauen und gedeihen \u2013\u00a0im intensiven miterleben der Naturprozesse.<\/b><\/p>\n<p><b>Entwicklungs-, Spiel- und Lernraum f\u00fcr Kinder,\u00a0Eltern, Fachpersonen, die sich mit ihren unterschiedlichen Begabungen und St\u00e4rken an Neues\u00a0heranwagen, um sich so als ganze Menschen\u00a0immer wieder neu zu bilden, zu gestalten.<\/b><\/p>\n<p><b>Durch Achtsamkeit im Miteinander und im Umgang mit der Natur soziale F\u00e4higkeiten entwickeln und individuelle Lernprozesse begleiten.<\/b><\/p>\n<p><b>Worum geht es?<\/b><br \/>\nImmer mehr Eltern w\u00fcnschen sich f\u00fcr ihre Kinder nat\u00fcrliche\u00a0Entwicklungs- und Bewegungsfreir\u00e4ume.<\/p>\n<p>Das \u201aNatur-erleben\u2018, das \u201aDraussen-sein\u2018 ist heute keine\u00a0Selbstverst\u00e4ndlichkeit mehr.<\/p>\n<p>Differenzierte Testergebnisse, umf\u00e4ngliche Studien liegen vor, und die reichen Erfahrungen und gl\u00fccklichen\u00a0Kinder sprechen f\u00fcr sich.<\/p>\n<p>Anklang findet dieses naturnahe, ganzheitliche Angebot auch in der Region Interlaken.<\/p>\n<\/div><\/section><\/div>\n<div class=\"flex_column av_one_half  av-animated-generic pop-up  flex_column_div   avia-builder-el-4  el_after_av_one_half  avia-builder-el-last  \" style='margin-top:15px; margin-bottom:15px; background: #ffffff; border-width:1px; border-color:#ffffff; border-style:solid; box-shadow: 0 0 10px 0 #eeeeee; padding:15px; background-color:#ffffff; border-radius:5px; '><section class=\"av_textblock_section \"  itemscope=\"itemscope\" itemtype=\"https:\/\/schema.org\/CreativeWork\" ><div class='avia_textblock  '   itemprop=\"text\" ><p><b>Seit August 2003 gab es den privat organisierten Waldkindergarten Tatatuck\u00a0mit integriertem Spielgruppenangebot. Neu ab August 2021 gibt es im Tatatuck weiterhin das Eltern Kind Gruppen, Waldspielgruppen- und Homeschooling Angebot an 2 Vormittagen und Freizeitangebote.<\/b><\/p>\n<p><b>Die ganzheitlich aufgebauten Tatatuck Angebote orientieren sich vollumf\u00e4nglich an den p\u00e4dagogischen Grundlagen der Rudolf Steiner P\u00e4dagogik.\u00a0<\/b><\/p>\n<p>Wie Zwerg Tatatuck, unser Namensgeber in der Erz\u00e4hlung von Jakob Streit auf\u00a0Schatzsuche ist, und dabei manches Abenteuer zu bestehen hat, so sind die\u00a0Waldkinder aus der ganzen Region Oberland Ost kommend auch stets auf erlebnisreicher Schatzsuche.<\/p>\n<p>Ob Regen, Sonne, Schnee und K\u00e4lte:<br \/>\nden gut ausger\u00fcsteten Waldkindern und BetreuerInnen ist jedes Wetter willkommen.<\/p>\n<p>Die wechselhaften klimatischen Bedingungen st\u00e4rken das Immunsystem, die Kinder\u00a0sind auff\u00e4llig weniger krank.<\/p>\n<p>Jedes Wetter birgt vielf\u00e4ltige Herausforderungen und\u00a0Anregungen f\u00fcr das Spiel und die Tagesgestaltung.<\/p>\n<p>So regt zum Beispiel das Regenwetter zum H\u00fcttenbau,\u00a0Wasser sammeln, Zwergen Suppen kochen, Waldk\u00fcchlein\u00a0backen \u2013 zum h\u00e4uslich-werden an.<\/p>\n<p><b>Der Waldkindergarten hat sein eigenes p\u00e4dagogisches Konzept siehe neu unter<\/b>\u00a0<strong><a href=\"http:\/\/www.pippiwaldstrumpf.ch\/\">www.pippiwaldstrumpf.ch<\/a><\/strong><\/p>\n<p>Die stark altersgemischte Gruppe und die Integration von behinderten Kindern,\u00a0f\u00f6rdert die Sozialkompetenz der Kinder und erm\u00f6glicht zugleich ein differenziertes\u00a0Eingehen auf individuelle Anspr\u00fcche.<\/p>\n<p><b>Die Sinne der Kinder werden durch die lebendige Umgebung herausgelockt\u00a0und gef\u00f6rdert.<\/b><\/p>\n<p>So belehrt der Waldboden mit seinen Wurzeln, Steinen,\u00a0weichen und feuchten, steilen und flachen Partien das\u00a0Gleichgewichtsempfinden der Kinder mannigfaltig.<\/p>\n<p>Ein stabiles Gleichgewicht wiederum verleiht \u00e4ussere\u00a0und innere Sicherheit und st\u00e4rkt das Selbstvertrauen.<\/p>\n<p>Kinder die sich in R\u00e4umen durch Lautst\u00e4rke und \u00fcberm\u00e4ssigen Bewegungsdrang oft\u00a0eingeengt und bedr\u00e4ngt f\u00fchlen, entwickeln sich in der offenen Umgebung mit ihren\u00a0nat\u00fcrlichen Grenzen entspannt und vollziehen in kurzer Zeit enorme Lernschritte.<\/p>\n<p>Ein wichtiger Grundsatz ist die Entfaltung und Anregung\u00a0der Eigenaktivit\u00e4t.<br \/>\nDie Kinder sind aufgefordert, mit dem was im Wald zu\u00a0finden ist, sch\u00f6pferisch t\u00e4tig zu werden.<\/p>\n<p>Spiele werden erfunden, Puppen geschnitzt, Geschichten\u00a0inszeniert, Steine und St\u00f6cke gesammelt und als Instrumente gebraucht.<\/p>\n<p>Der Phantasie sind keine Grenzen gesetzt.<\/p>\n<p>Neugierde und Gestaltungsfreude lassen einen kr\u00e4ftigen Lernwillen heranreifen.<\/p>\n<p>So lassen sich unter Wurzeln, Moos und Steinen, bei Regen und Sonnenschein\u00a0eindr\u00fcckliche Sch\u00e4tze entdecken, die die Kinder stark machen und den Augenblick \u00fcberdauern.<\/p>\n<\/div><\/section><\/div>\n","protected":false},"excerpt":{"rendered":"","protected":false},"author":1,"featured_media":0,"parent":124,"menu_order":50,"comment_status":"closed","ping_status":"closed","template":"","meta":{"footnotes":""},"class_list":["post-144","page","type-page","status-publish","hentry"],"_links":{"self":[{"href":"https:\/\/tatatuck.ch\/2021\/wp-json\/wp\/v2\/pages\/144","targetHints":{"allow":["GET"]}}],"collection":[{"href":"https:\/\/tatatuck.ch\/2021\/wp-json\/wp\/v2\/pages"}],"about":[{"href":"https:\/\/tatatuck.ch\/2021\/wp-json\/wp\/v2\/types\/page"}],"author":[{"embeddable":true,"href":"https:\/\/tatatuck.ch\/2021\/wp-json\/wp\/v2\/users\/1"}],"replies":[{"embeddable":true,"href":"https:\/\/tatatuck.ch\/2021\/wp-json\/wp\/v2\/comments?post=144"}],"version-history":[{"count":5,"href":"https:\/\/tatatuck.ch\/2021\/wp-json\/wp\/v2\/pages\/144\/revisions"}],"predecessor-version":[{"id":346,"href":"https:\/\/tatatuck.ch\/2021\/wp-json\/wp\/v2\/pages\/144\/revisions\/346"}],"up":[{"embeddable":true,"href":"https:\/\/tatatuck.ch\/2021\/wp-json\/wp\/v2\/pages\/124"}],"wp:attachment":[{"href":"https:\/\/tatatuck.ch\/2021\/wp-json\/wp\/v2\/media?parent=144"}],"curies":[{"name":"wp","href":"https:\/\/api.w.org\/{rel}","templated":true}]}}