{"id":178,"date":"2020-12-30T14:49:20","date_gmt":"2020-12-30T14:49:20","guid":{"rendered":"https:\/\/tatatuck.ch\/2021\/?page_id=178"},"modified":"2020-12-30T14:56:10","modified_gmt":"2020-12-30T14:56:10","slug":"finden","status":"publish","type":"page","link":"https:\/\/tatatuck.ch\/2021\/finden\/","title":{"rendered":"Finden"},"content":{"rendered":"<div  style='padding-bottom:10px; ' class='av-special-heading av-special-heading-h1  blockquote modern-quote  avia-builder-el-0  el_before_av_one_full  avia-builder-el-first  '><h1 class='av-special-heading-tag '  itemprop=\"headline\"  >Site Map<\/h1><div class='special-heading-border'><div class='special-heading-inner-border' ><\/div><\/div><\/div>\n<div class=\"flex_column av_one_full  av-animated-generic pop-up  flex_column_div first  avia-builder-el-1  el_after_av_heading  el_before_av_heading  \" style='margin-top:15px; margin-bottom:15px; background: #ffffff; border-width:1px; border-color:#ffffff; border-style:solid; box-shadow: 0 0 10px 0 #eeeeee; padding:15px 15px 0px 15px ; background-color:#ffffff; border-radius:5px; '><div  class='avia_search_element   avia-builder-el-2  avia-builder-el-no-sibling '><form action='https:\/\/tatatuck.ch\/2021\/' id='searchform_element' method='get' class='' ><div class='av_searchform_wrapper' ><input type='text' value='' id='s' name='s' placeholder='Webseite durchsuchen' style='line-height:50px; height:50px; ' class=' av-input-hasicon' \/><span class='av-search-icon avia-font-entypo-fontello' >\ue803<\/span><div class='av_searchsubmit_wrapper' ><input type='submit' value='Suchen' id='searchsubmit' class='button'  \/><\/div><input type='hidden' name='numberposts' value='5' \/><input type='hidden' name='results_hide_fields' value='' \/><\/div><\/form><\/div><\/div><div  style='padding-bottom:10px; ' class='av-special-heading av-special-heading-h2  blockquote modern-quote  avia-builder-el-3  el_after_av_one_full  el_before_av_one_fifth  '><h2 class='av-special-heading-tag '  itemprop=\"headline\"  >Externe Links<\/h2><div class='special-heading-border'><div class='special-heading-inner-border' ><\/div><\/div><\/div><\/p>\n<div class=\"flex_column av_one_fifth  av-animated-generic pop-up  flex_column_div av-zero-column-padding first  avia-builder-el-4  el_after_av_heading  el_before_av_four_fifth  \" style='margin-top:15px; margin-bottom:15px; background: #ffffff; border-width:1px; border-color:#ffffff; border-style:solid; box-shadow: 0 0 10px 0 #eeeeee; background-color:#ffffff; border-radius:5px; '><div  class='avia-image-container  av-styling-    avia-builder-el-5  avia-builder-el-no-sibling  avia-align-center '  itemprop=\"image\" itemscope=\"itemscope\" itemtype=\"https:\/\/schema.org\/ImageObject\"  ><div class='avia-image-container-inner'><div class='avia-image-overlay-wrap'><img decoding=\"async\" class='wp-image-38 avia-img-lazy-loading-not-38 avia_image' src=\"https:\/\/tatatuck.ch\/2021\/wp-content\/uploads\/2020\/12\/herbstblaetter-180x180.jpg\" alt='' title='herbstblaetter' height=\"180\" width=\"180\"  itemprop=\"thumbnailUrl\" srcset=\"https:\/\/tatatuck.ch\/2021\/wp-content\/uploads\/2020\/12\/herbstblaetter-180x180.jpg 180w, https:\/\/tatatuck.ch\/2021\/wp-content\/uploads\/2020\/12\/herbstblaetter-300x300.jpg 300w, https:\/\/tatatuck.ch\/2021\/wp-content\/uploads\/2020\/12\/herbstblaetter-80x80.jpg 80w, https:\/\/tatatuck.ch\/2021\/wp-content\/uploads\/2020\/12\/herbstblaetter-36x36.jpg 36w, https:\/\/tatatuck.ch\/2021\/wp-content\/uploads\/2020\/12\/herbstblaetter.jpg 400w\" sizes=\"(max-width: 180px) 100vw, 180px\" \/><\/div><\/div><\/div><\/div>\n<div class=\"flex_column av_four_fifth  av-animated-generic pop-up  flex_column_div   avia-builder-el-6  el_after_av_one_fifth  el_before_av_one_fifth  \" style='margin-top:15px; margin-bottom:15px; background: #ffffff; border-width:1px; border-color:#ffffff; border-style:solid; box-shadow: 0 0 10px 0 #eeeeee; padding:15px; background-color:#ffffff; border-radius:5px; '><section class=\"av_textblock_section \"  itemscope=\"itemscope\" itemtype=\"https:\/\/schema.org\/CreativeWork\" ><div class='avia_textblock  '   itemprop=\"text\" ><p>Der Wald bietet uns neben Holz, Arbeit und\u00a0Natur,\u00a0Schutz vor Naturgefahren, sauberes Trinkwasser und Erholungsraum.<br \/>\nEr bindet CO2 und mildert damit die Klimaerw\u00e4rmung.\u00a0Er beherbergt auch viele und zum Teil seltene Tier-\u00a0und Pflanzenarten.<\/p>\n<p>Zum Thema Wald gibt es viele n\u00fctzliche Webseiten:<\/p>\n<\/div><\/section><\/div>\n<div class=\"flex_column av_one_fifth  av-animated-generic pop-up  flex_column_div av-zero-column-padding first  avia-builder-el-8  el_after_av_four_fifth  el_before_av_four_fifth  \" style='margin-top:15px; margin-bottom:15px; background: #ffffff; border-width:1px; border-color:#ffffff; border-style:solid; box-shadow: 0 0 10px 0 #eeeeee; background-color:#ffffff; border-radius:5px; '><div  class='avia-image-container  av-styling-    avia-builder-el-9  avia-builder-el-no-sibling  avia-align-center '  itemprop=\"image\" itemscope=\"itemscope\" itemtype=\"https:\/\/schema.org\/ImageObject\"  ><div class='avia-image-container-inner'><div class='avia-image-overlay-wrap'><a href='http:\/\/www.erbinat.ch' class='avia_image' target=\"_blank\" rel=\"noopener noreferrer\"><img decoding=\"async\" width=\"150\" height=\"124\" class='wp-image-180 avia-img-lazy-loading-not-180 avia_image' src=\"https:\/\/tatatuck.ch\/2021\/wp-content\/uploads\/2020\/12\/d3cc1172313e0f3ffffdc4effa86321.gif\" alt='' title=''  itemprop=\"thumbnailUrl\"  \/><\/a><\/div><\/div><\/div><\/div>\n<div class=\"flex_column av_four_fifth  av-animated-generic pop-up  flex_column_div   avia-builder-el-10  el_after_av_one_fifth  el_before_av_one_fifth  \" style='margin-top:15px; margin-bottom:15px; background: #ffffff; border-width:1px; border-color:#ffffff; border-style:solid; box-shadow: 0 0 10px 0 #eeeeee; padding:15px; background-color:#ffffff; border-radius:5px; '><section class=\"av_textblock_section \"  itemscope=\"itemscope\" itemtype=\"https:\/\/schema.org\/CreativeWork\" ><div class='avia_textblock  '   itemprop=\"text\" ><p><a href=\"http:\/\/www.erbinat.ch\/\" target=\"_blank\" rel=\"noopener\"><strong>Fachverband Erleben und Bildung in der Natur<\/strong><\/a><strong><\/p>\n<p><\/strong>ERBINAT ist der Schweizerische Fachverband f\u00fcr Erleben\u00a0und Bildung in der Natur.<\/p>\n<p>Er vereint Institutionen und Einzelpersonen, die Bildungs-\u00a0und Erlebnisangebote in der Natur organisieren und diese\u00a0als wichtigen Teil in ihre Arbeit integrieren.<\/p>\n<\/div><\/section><\/div>\n<div class=\"flex_column av_one_fifth  av-animated-generic pop-up  flex_column_div av-zero-column-padding first  avia-builder-el-12  el_after_av_four_fifth  el_before_av_four_fifth  \" style='margin-top:15px; margin-bottom:15px; background: #ffffff; border-width:1px; border-color:#ffffff; border-style:solid; box-shadow: 0 0 10px 0 #eeeeee; background-color:#ffffff; border-radius:5px; '><div  class='avia-image-container  av-styling-    avia-builder-el-13  avia-builder-el-no-sibling  avia-align-center '  itemprop=\"image\" itemscope=\"itemscope\" itemtype=\"https:\/\/schema.org\/ImageObject\"  ><div class='avia-image-container-inner'><div class='avia-image-overlay-wrap'><a href='http:\/\/www.wald.ch' class='avia_image' target=\"_blank\" rel=\"noopener noreferrer\"><img decoding=\"async\" width=\"83\" height=\"81\" class='wp-image-181 avia-img-lazy-loading-not-181 avia_image' src=\"https:\/\/tatatuck.ch\/2021\/wp-content\/uploads\/2020\/12\/d3cc1172313e0f3ffffd8bdffa86321.gif\" alt='' title=''  itemprop=\"thumbnailUrl\"  \/><\/a><\/div><\/div><\/div><\/div>\n<div class=\"flex_column av_four_fifth  av-animated-generic pop-up  flex_column_div   avia-builder-el-14  el_after_av_one_fifth  el_before_av_one_fifth  \" style='margin-top:15px; margin-bottom:15px; background: #ffffff; border-width:1px; border-color:#ffffff; border-style:solid; box-shadow: 0 0 10px 0 #eeeeee; padding:15px; background-color:#ffffff; border-radius:5px; '><section class=\"av_textblock_section \"  itemscope=\"itemscope\" itemtype=\"https:\/\/schema.org\/CreativeWork\" ><div class='avia_textblock  '   itemprop=\"text\" ><p><a href=\"http:\/\/www.wald.ch\/\" target=\"_blank\" rel=\"noopener\"><strong>wald.ch<\/strong><\/a><\/p>\n<p>Informationen zum Schweizer Wald und zur Waldwirtschaft.<br \/>\nF\u00f6rdert das Verst\u00e4ndnis f\u00fcr die Waldarbeit und zeigt die positiven\u00a0Effekte der Waldnutzung.<\/p>\n<\/div><\/section><\/div>\n<div class=\"flex_column av_one_fifth  av-animated-generic pop-up  flex_column_div av-zero-column-padding first  avia-builder-el-16  el_after_av_four_fifth  el_before_av_four_fifth  \" style='margin-top:15px; margin-bottom:15px; background: #ffffff; border-width:1px; border-color:#ffffff; border-style:solid; box-shadow: 0 0 10px 0 #eeeeee; background-color:#ffffff; border-radius:5px; '><div  class='avia-image-container  av-styling-    avia-builder-el-17  avia-builder-el-no-sibling  avia-align-center '  itemprop=\"image\" itemscope=\"itemscope\" itemtype=\"https:\/\/schema.org\/ImageObject\"  ><div class='avia-image-container-inner'><div class='avia-image-overlay-wrap'><a href='https:\/\/bergwaldprojekt.ch' class='avia_image' target=\"_blank\" rel=\"noopener noreferrer\"><img decoding=\"async\" width=\"86\" height=\"68\" class='wp-image-182 avia-img-lazy-loading-not-182 avia_image' src=\"https:\/\/tatatuck.ch\/2021\/wp-content\/uploads\/2020\/12\/3acfaece2313bcecffffe20cffa86321.gif\" alt='' title=''  itemprop=\"thumbnailUrl\"  \/><\/a><\/div><\/div><\/div><\/div>\n<div class=\"flex_column av_four_fifth  av-animated-generic pop-up  flex_column_div   avia-builder-el-18  el_after_av_one_fifth  el_before_av_one_fifth  \" style='margin-top:15px; margin-bottom:15px; background: #ffffff; border-width:1px; border-color:#ffffff; border-style:solid; box-shadow: 0 0 10px 0 #eeeeee; padding:15px; background-color:#ffffff; border-radius:5px; '><section class=\"av_textblock_section \"  itemscope=\"itemscope\" itemtype=\"https:\/\/schema.org\/CreativeWork\" ><div class='avia_textblock  '   itemprop=\"text\" ><p><a href=\"http:\/\/www.bergwaldprojekt.ch\/\" target=\"_blank\" rel=\"noopener\"><strong>bergwaldprojekt.ch<br \/>\n<\/strong><\/a><br \/>\nForstliche Laien leisten Freiwilligenarbeit im Bergwald.<br \/>\nDurch den Arbeitseinsatz erleben sie ihn hautnah und leisten mit\u00a0qualitativ hochwertiger, forstlicher Arbeit, einen aktiven Beitrag zur Erhaltung der vielf\u00e4ltigen Schutzwirkungen des Bergwaldes.<\/p>\n<\/div><\/section><\/div>\n<div class=\"flex_column av_one_fifth  av-animated-generic pop-up  flex_column_div av-zero-column-padding first  avia-builder-el-20  el_after_av_four_fifth  el_before_av_four_fifth  \" style='margin-top:15px; margin-bottom:15px; background: #ffffff; border-width:1px; border-color:#ffffff; border-style:solid; box-shadow: 0 0 10px 0 #eeeeee; background-color:#ffffff; border-radius:5px; '><div  class='avia-image-container  av-styling-    avia-builder-el-21  avia-builder-el-no-sibling  avia-align-center '  itemprop=\"image\" itemscope=\"itemscope\" itemtype=\"https:\/\/schema.org\/ImageObject\"  ><div class='avia-image-container-inner'><div class='avia-image-overlay-wrap'><a href='http:\/\/www.wald2011.ch' class='avia_image' target=\"_blank\" rel=\"noopener noreferrer\"><img decoding=\"async\" width=\"100\" height=\"105\" class='wp-image-183 avia-img-lazy-loading-not-183 avia_image' src=\"https:\/\/tatatuck.ch\/2021\/wp-content\/uploads\/2020\/12\/d3cc1172313e0f3ffffd8e0ffa86321.jpg\" alt='' title=''  itemprop=\"thumbnailUrl\"  \/><\/a><\/div><\/div><\/div><\/div>\n<div class=\"flex_column av_four_fifth  av-animated-generic pop-up  flex_column_div   avia-builder-el-22  el_after_av_one_fifth  el_before_av_one_fifth  \" style='margin-top:15px; margin-bottom:15px; background: #ffffff; border-width:1px; border-color:#ffffff; border-style:solid; box-shadow: 0 0 10px 0 #eeeeee; padding:15px; background-color:#ffffff; border-radius:5px; '><section class=\"av_textblock_section \"  itemscope=\"itemscope\" itemtype=\"https:\/\/schema.org\/CreativeWork\" ><div class='avia_textblock  '   itemprop=\"text\" ><p><a href=\"http:\/\/www.wald2011.ch\/\" target=\"_blank\" rel=\"noopener\"><strong>Jahr des Waldes 2011<br \/>\n<\/strong><\/a><br \/>\nDie UNO hat 2011 zum Internationalen Jahr des Waldes erkl\u00e4rt.<br \/>\nwald2011.ch ist die offizielle Website der Schweiz zu diesem Jahr.<\/p>\n<\/div><\/section><\/div>\n<div class=\"flex_column av_one_fifth  av-animated-generic pop-up  flex_column_div av-zero-column-padding first  avia-builder-el-24  el_after_av_four_fifth  el_before_av_four_fifth  \" style='margin-top:15px; margin-bottom:15px; background: #ffffff; border-width:1px; border-color:#ffffff; border-style:solid; box-shadow: 0 0 10px 0 #eeeeee; background-color:#ffffff; border-radius:5px; '><div  class='avia-image-container  av-styling-    avia-builder-el-25  avia-builder-el-no-sibling  avia-align-center '  itemprop=\"image\" itemscope=\"itemscope\" itemtype=\"https:\/\/schema.org\/ImageObject\"  ><div class='avia-image-container-inner'><div class='avia-image-overlay-wrap'><a href='https:\/\/www.silviva.ch' class='avia_image' target=\"_blank\" rel=\"noopener noreferrer\"><img decoding=\"async\" width=\"150\" height=\"81\" class='wp-image-184 avia-img-lazy-loading-not-184 avia_image' src=\"https:\/\/tatatuck.ch\/2021\/wp-content\/uploads\/2020\/12\/3acfaece2313bcecffffe218ffa86321.gif\" alt='' title=''  itemprop=\"thumbnailUrl\"  \/><\/a><\/div><\/div><\/div><\/div>\n<div class=\"flex_column av_four_fifth  av-animated-generic pop-up  flex_column_div   avia-builder-el-26  el_after_av_one_fifth  el_before_av_one_fifth  \" style='margin-top:15px; margin-bottom:15px; background: #ffffff; border-width:1px; border-color:#ffffff; border-style:solid; box-shadow: 0 0 10px 0 #eeeeee; padding:15px; background-color:#ffffff; border-radius:5px; '><section class=\"av_textblock_section \"  itemscope=\"itemscope\" itemtype=\"https:\/\/schema.org\/CreativeWork\" ><div class='avia_textblock  '   itemprop=\"text\" ><p><a href=\"http:\/\/www.silviva.ch\/\" target=\"_blank\" rel=\"noopener\"><strong>Stiftung SILVIVA<br \/>\n<\/strong><\/a><strong><br \/>\n<\/strong>Ihr Partner f\u00fcr das\u00a0Lernen mit der Natur.<\/p>\n<\/div><\/section><\/div>\n<div class=\"flex_column av_one_fifth  av-animated-generic pop-up  flex_column_div av-zero-column-padding first  avia-builder-el-28  el_after_av_four_fifth  el_before_av_four_fifth  \" style='margin-top:15px; margin-bottom:15px; background: #ffffff; border-width:1px; border-color:#ffffff; border-style:solid; box-shadow: 0 0 10px 0 #eeeeee; background-color:#ffffff; border-radius:5px; '><div  class='avia-image-container  av-styling-    avia-builder-el-29  avia-builder-el-no-sibling  avia-align-center '  itemprop=\"image\" itemscope=\"itemscope\" itemtype=\"https:\/\/schema.org\/ImageObject\"  ><div class='avia-image-container-inner'><div class='avia-image-overlay-wrap'><a href='https:\/\/www.waldwissen.net\/de\/' class='avia_image' target=\"_blank\" rel=\"noopener noreferrer\"><img decoding=\"async\" width=\"190\" height=\"77\" class='wp-image-185 avia-img-lazy-loading-not-185 avia_image' src=\"https:\/\/tatatuck.ch\/2021\/wp-content\/uploads\/2020\/12\/3acfaece2313bcecffffe212ffa86321.gif\" alt='' title=''  itemprop=\"thumbnailUrl\"  \/><\/a><\/div><\/div><\/div><\/div>\n<div class=\"flex_column av_four_fifth  av-animated-generic pop-up  flex_column_div   avia-builder-el-30  el_after_av_one_fifth  el_before_av_one_fifth  \" style='margin-top:15px; margin-bottom:15px; background: #ffffff; border-width:1px; border-color:#ffffff; border-style:solid; box-shadow: 0 0 10px 0 #eeeeee; padding:15px; background-color:#ffffff; border-radius:5px; '><section class=\"av_textblock_section \"  itemscope=\"itemscope\" itemtype=\"https:\/\/schema.org\/CreativeWork\" ><div class='avia_textblock  '   itemprop=\"text\" ><p><a href=\"http:\/\/www.waldwissen.net\/\" target=\"_blank\" rel=\"noopener\"><strong>waldwissen.net<\/strong><\/a><strong><br \/>\n<\/strong><br \/>\nIm und um den Wald gibt es viel zu entdecken und zu lernen. Und zwar nicht nur f\u00fcr Kinder, sondern\u00a0auch f\u00fcr Erwachsene oder sogar f\u00fcr &#8222;alte Hasen&#8220; in\u00a0der Forstwirtschaft.<\/p>\n<\/div><\/section><\/div>\n<div class=\"flex_column av_one_fifth  av-animated-generic pop-up  flex_column_div av-zero-column-padding first  avia-builder-el-32  el_after_av_four_fifth  el_before_av_four_fifth  \" style='margin-top:15px; margin-bottom:15px; background: #ffffff; border-width:1px; border-color:#ffffff; border-style:solid; box-shadow: 0 0 10px 0 #eeeeee; background-color:#ffffff; border-radius:5px; '><div  class='avia-image-container  av-styling-    avia-builder-el-33  avia-builder-el-no-sibling  avia-align-center '  itemprop=\"image\" itemscope=\"itemscope\" itemtype=\"https:\/\/schema.org\/ImageObject\"  ><div class='avia-image-container-inner'><div class='avia-image-overlay-wrap'><a href='https:\/\/www.vol.be.ch\/site\/kawa' class='avia_image' target=\"_blank\" rel=\"noopener noreferrer\"><img decoding=\"async\" width=\"141\" height=\"32\" class='wp-image-186 avia-img-lazy-loading-not-186 avia_image' src=\"https:\/\/tatatuck.ch\/2021\/wp-content\/uploads\/2020\/12\/3acfaece2313bcecffffe20effa86321.gif\" alt='' title=''  itemprop=\"thumbnailUrl\"  \/><\/a><\/div><\/div><\/div><\/div>\n<div class=\"flex_column av_four_fifth  av-animated-generic pop-up  flex_column_div   avia-builder-el-34  el_after_av_one_fifth  el_before_av_one_fifth  \" style='margin-top:15px; margin-bottom:15px; background: #ffffff; border-width:1px; border-color:#ffffff; border-style:solid; box-shadow: 0 0 10px 0 #eeeeee; padding:15px; background-color:#ffffff; border-radius:5px; '><section class=\"av_textblock_section \"  itemscope=\"itemscope\" itemtype=\"https:\/\/schema.org\/CreativeWork\" ><div class='avia_textblock  '   itemprop=\"text\" ><p><a href=\"http:\/\/www.vol.be.ch\/site\/kawa\" target=\"_blank\" rel=\"noopener\"><strong>Amt f\u00fcr Wald des Kantons Bern<br \/>\n<\/strong><\/a><br \/>\nDas Amt f\u00fcr Wald hat die Aufsicht \u00fcber die W\u00e4lder,\u00a0koordiniert und wahrt die Interessen am Wald,\u00a0bewirtschaftet die kantonseigenen W\u00e4lder und organisiert den Schutz vor den Naturgefahren Lawinen, Rutschungen, Eis- und Steinschlag.<\/p>\n<\/div><\/section><\/div>\n<div class=\"flex_column av_one_fifth  av-animated-generic pop-up  flex_column_div av-zero-column-padding first  avia-builder-el-36  el_after_av_four_fifth  el_before_av_four_fifth  \" style='margin-top:15px; margin-bottom:15px; background: #ffffff; border-width:1px; border-color:#ffffff; border-style:solid; box-shadow: 0 0 10px 0 #eeeeee; background-color:#ffffff; border-radius:5px; '><div  class='avia-image-container  av-styling-    avia-builder-el-37  avia-builder-el-no-sibling  avia-align-center '  itemprop=\"image\" itemscope=\"itemscope\" itemtype=\"https:\/\/schema.org\/ImageObject\"  ><div class='avia-image-container-inner'><div class='avia-image-overlay-wrap'><a href='http:\/\/angelaweibelfotografie.ch' class='avia_image' target=\"_blank\" rel=\"noopener noreferrer\"><img decoding=\"async\" width=\"199\" height=\"93\" class='wp-image-187 avia-img-lazy-loading-not-187 avia_image' src=\"https:\/\/tatatuck.ch\/2021\/wp-content\/uploads\/2020\/12\/478befb56b497e38439ae30c79bb099a_f367.png\" alt='' title=''  itemprop=\"thumbnailUrl\"  \/><\/a><\/div><\/div><\/div><\/div>\n<div class=\"flex_column av_four_fifth  av-animated-generic pop-up  flex_column_div   avia-builder-el-38  el_after_av_one_fifth  avia-builder-el-last  \" style='margin-top:15px; margin-bottom:15px; background: #ffffff; border-width:1px; border-color:#ffffff; border-style:solid; box-shadow: 0 0 10px 0 #eeeeee; padding:15px; background-color:#ffffff; border-radius:5px; '><section class=\"av_textblock_section \"  itemscope=\"itemscope\" itemtype=\"https:\/\/schema.org\/CreativeWork\" ><div class='avia_textblock  '   itemprop=\"text\" ><p><a href=\"http:\/\/angelaweibelfotografie.ch\" target=\"_blank\" rel=\"noopener\"><strong>Angela Weibel Fotografie<br \/>\n<\/strong><\/a><br \/>\nViele Bilder auf unserer Homepage wurden von Angela Weibel fotografiert. Herzlichen Dank<\/p>\n<\/div><\/section><\/div>\n","protected":false},"excerpt":{"rendered":"","protected":false},"author":1,"featured_media":0,"parent":0,"menu_order":0,"comment_status":"closed","ping_status":"closed","template":"","meta":{"footnotes":""},"class_list":["post-178","page","type-page","status-publish","hentry"],"_links":{"self":[{"href":"https:\/\/tatatuck.ch\/2021\/wp-json\/wp\/v2\/pages\/178","targetHints":{"allow":["GET"]}}],"collection":[{"href":"https:\/\/tatatuck.ch\/2021\/wp-json\/wp\/v2\/pages"}],"about":[{"href":"https:\/\/tatatuck.ch\/2021\/wp-json\/wp\/v2\/types\/page"}],"author":[{"embeddable":true,"href":"https:\/\/tatatuck.ch\/2021\/wp-json\/wp\/v2\/users\/1"}],"replies":[{"embeddable":true,"href":"https:\/\/tatatuck.ch\/2021\/wp-json\/wp\/v2\/comments?post=178"}],"version-history":[{"count":7,"href":"https:\/\/tatatuck.ch\/2021\/wp-json\/wp\/v2\/pages\/178\/revisions"}],"predecessor-version":[{"id":350,"href":"https:\/\/tatatuck.ch\/2021\/wp-json\/wp\/v2\/pages\/178\/revisions\/350"}],"wp:attachment":[{"href":"https:\/\/tatatuck.ch\/2021\/wp-json\/wp\/v2\/media?parent=178"}],"curies":[{"name":"wp","href":"https:\/\/api.w.org\/{rel}","templated":true}]}}