{"id":32,"date":"2020-12-30T10:48:50","date_gmt":"2020-12-30T09:48:50","guid":{"rendered":"https:\/\/tatatuck.ch\/2021\/?page_id=32"},"modified":"2022-08-04T08:55:21","modified_gmt":"2022-08-04T06:55:21","slug":"homeschoolingangebot","status":"publish","type":"page","link":"https:\/\/tatatuck.ch\/2021\/angebot\/homeschoolingangebot\/","title":{"rendered":"Homeschoolingangebot"},"content":{"rendered":"<div  style='padding-bottom:10px; ' class='av-special-heading av-special-heading-h1  blockquote modern-quote  avia-builder-el-0  el_before_av_one_half  avia-builder-el-first  '><h1 class='av-special-heading-tag '  itemprop=\"headline\"  >Homeschoolingangebot<\/h1><div class='special-heading-border'><div class='special-heading-inner-border' ><\/div><\/div><\/div>\n<div class='flex_column_table av-equal-height-column-flextable -flextable' style='margin-top:15px; margin-bottom:15px; '><div class=\"flex_column av_one_half  av-animated-generic pop-up  flex_column_table_cell av-equal-height-column av-align-top first  avia-builder-el-1  el_after_av_heading  el_before_av_one_half  \" style='background: #ffffff; border-width:1px; border-color:#ffffff; border-style:solid; box-shadow: 0 0 10px 0 #eeeeee; padding:15px; background-color:#ffffff; border-radius:5px; '><section class=\"av_textblock_section \"  itemscope=\"itemscope\" itemtype=\"https:\/\/schema.org\/CreativeWork\" ><div class='avia_textblock  '   itemprop=\"text\" ><p>Das Tatatuck Homeschooling Angebot ist f\u00fcr Kinder im Alter von 4-8 Jahren, die zuhause beschult werden und die gerne 1-2mal pro Woche mit anderen Kindern zusammen ins Walderleben eintauchen m\u00f6chten.<\/p>\n<p>Den Kindern eine wunderbare Waldzeit zu erm\u00f6glichen ist unser Herzensanliegen. Priorit\u00e4t hat in den Tatatuck Angeboten das freie Spiel in der Natur: Eigenaktiv aus sich heraus sich besch\u00e4ftigen, spielen, klettern, tasten, sp\u00fcren, erste Schritte im Miteinander wagen und vieles mehr, kann erlebt und ge\u00fcbt werden.<\/p>\n<p>Daneben begleiten wir das Naturerleben mit kleinen Bewegungsspielen, Fingerversen, Puppenspielen und Geschichten. Auf diese Weise erhalten die Kinder gem\u00fctvolle, entwicklungsf\u00f6rdernde Anregungen.<\/p>\n<p>Ebenfalls hat das Miterleben der Jahreszeiten und das vorbereiten und feiern der Jahresfeste einen hohen Stellenwert.<\/p>\n<p><strong>Wichtiger Hinweis zum Waldkindergarten Angebot: <\/strong><\/p>\n<p>Das Tatatuck Waldkindergarten Angebot gibt es bei uns im Ringgenberg nicht mehr.<\/p>\n<p>Neu gibt es ein Waldkindergarten Angebot in Brienz\/Schwanden<\/p>\n<p>Weitere Informationen zur Waldkindergarten Pippi Waldstrumpf erhaltet ihr bei: Carina Merkli Tel 076 502 22 64 oder carina.merkli@gmail.com <a href=\"https:\/\/www.pippi-waldstrumpf.ch\/\" target=\"_blank\" rel=\"noopener\">www.pippi-waldstrumpf.ch<\/a><\/p>\n<\/div><\/section><\/div><div class='av-flex-placeholder'><\/div><div class=\"flex_column av_one_half  av-animated-generic pop-up  flex_column_table_cell av-equal-height-column av-align-top av-zero-column-padding   avia-builder-el-3  el_after_av_one_half  el_before_av_one_full  \" style='background: #ffffff; border-width:1px; border-color:#ffffff; border-style:solid; box-shadow: 0 0 10px 0 #eeeeee; background-color:#ffffff; border-radius:5px; '><div   data-size='no scaling'  data-lightbox_size='large'  data-animation='fade'  data-conditional_play=''  data-ids='34,35,36,37,38,39,40,41,42,43,44,45,46,47,48,49'  data-video_counter='0'  data-autoplay='true'  data-bg_slider='false'  data-slide_height=''  data-handle='av_slideshow'  data-interval='5'  data-class=' avia-builder-el-4  avia-builder-el-no-sibling  '  data-el_id=''  data-css_id=''  data-scroll_down=''  data-control_layout='av-control-hidden'  data-custom_markup=''  data-perma_caption=''  data-autoplay_stopper=''  data-image_attachment=''  data-min_height='0px'  data-lazy_loading='enabled'  class='avia-slideshow avia-slideshow-1  av-control-hidden av-default-height-applied avia-slideshow-no scaling av_slideshow  avia-builder-el-4  avia-builder-el-no-sibling   avia-fade-slider '  itemprop=\"image\" itemscope=\"itemscope\" itemtype=\"https:\/\/schema.org\/ImageObject\" ><ul class='avia-slideshow-inner ' style='padding-bottom: 100%;' ><li  class=' slide-1 ' ><div data-rel='slideshow-1' class='avia-slide-wrap '   ><img loading=\"lazy\" decoding=\"async\" class=\"wp-image-34 avia-img-lazy-loading-34\"  src=\"https:\/\/tatatuck.ch\/2021\/wp-content\/uploads\/2020\/12\/blaetter.jpg\" width=\"400\" height=\"400\" title='blaetter' alt=''  itemprop=\"thumbnailUrl\" srcset=\"https:\/\/tatatuck.ch\/2021\/wp-content\/uploads\/2020\/12\/blaetter.jpg 400w, https:\/\/tatatuck.ch\/2021\/wp-content\/uploads\/2020\/12\/blaetter-300x300.jpg 300w, https:\/\/tatatuck.ch\/2021\/wp-content\/uploads\/2020\/12\/blaetter-80x80.jpg 80w, https:\/\/tatatuck.ch\/2021\/wp-content\/uploads\/2020\/12\/blaetter-36x36.jpg 36w, https:\/\/tatatuck.ch\/2021\/wp-content\/uploads\/2020\/12\/blaetter-180x180.jpg 180w\" sizes=\"auto, (max-width: 400px) 100vw, 400px\" \/><\/div><\/li><li  class=' slide-2 ' ><div data-rel='slideshow-1' class='avia-slide-wrap '   ><img loading=\"lazy\" decoding=\"async\" class=\"wp-image-35 avia-img-lazy-loading-35\"  src=\"https:\/\/tatatuck.ch\/2021\/wp-content\/uploads\/2020\/12\/einfaedeln.jpg\" width=\"400\" height=\"400\" title='einfaedeln' alt=''  itemprop=\"thumbnailUrl\" srcset=\"https:\/\/tatatuck.ch\/2021\/wp-content\/uploads\/2020\/12\/einfaedeln.jpg 400w, https:\/\/tatatuck.ch\/2021\/wp-content\/uploads\/2020\/12\/einfaedeln-300x300.jpg 300w, https:\/\/tatatuck.ch\/2021\/wp-content\/uploads\/2020\/12\/einfaedeln-80x80.jpg 80w, https:\/\/tatatuck.ch\/2021\/wp-content\/uploads\/2020\/12\/einfaedeln-36x36.jpg 36w, https:\/\/tatatuck.ch\/2021\/wp-content\/uploads\/2020\/12\/einfaedeln-180x180.jpg 180w\" sizes=\"auto, (max-width: 400px) 100vw, 400px\" \/><\/div><\/li><li  class=' slide-3 ' ><div data-rel='slideshow-1' class='avia-slide-wrap '   ><img loading=\"lazy\" decoding=\"async\" class=\"wp-image-36 avia-img-lazy-loading-36\"  src=\"https:\/\/tatatuck.ch\/2021\/wp-content\/uploads\/2020\/12\/feuer.jpg\" width=\"400\" height=\"400\" title='feuer' alt=''  itemprop=\"thumbnailUrl\" srcset=\"https:\/\/tatatuck.ch\/2021\/wp-content\/uploads\/2020\/12\/feuer.jpg 400w, https:\/\/tatatuck.ch\/2021\/wp-content\/uploads\/2020\/12\/feuer-300x300.jpg 300w, https:\/\/tatatuck.ch\/2021\/wp-content\/uploads\/2020\/12\/feuer-80x80.jpg 80w, https:\/\/tatatuck.ch\/2021\/wp-content\/uploads\/2020\/12\/feuer-36x36.jpg 36w, https:\/\/tatatuck.ch\/2021\/wp-content\/uploads\/2020\/12\/feuer-180x180.jpg 180w\" sizes=\"auto, (max-width: 400px) 100vw, 400px\" \/><\/div><\/li><li  class=' slide-4 ' ><div data-rel='slideshow-1' class='avia-slide-wrap '   ><img loading=\"lazy\" decoding=\"async\" class=\"wp-image-37 avia-img-lazy-loading-37\"  src=\"https:\/\/tatatuck.ch\/2021\/wp-content\/uploads\/2020\/12\/filztatatuck.jpg\" width=\"400\" height=\"400\" title='filztatatuck' alt=''  itemprop=\"thumbnailUrl\" srcset=\"https:\/\/tatatuck.ch\/2021\/wp-content\/uploads\/2020\/12\/filztatatuck.jpg 400w, https:\/\/tatatuck.ch\/2021\/wp-content\/uploads\/2020\/12\/filztatatuck-300x300.jpg 300w, https:\/\/tatatuck.ch\/2021\/wp-content\/uploads\/2020\/12\/filztatatuck-80x80.jpg 80w, https:\/\/tatatuck.ch\/2021\/wp-content\/uploads\/2020\/12\/filztatatuck-36x36.jpg 36w, https:\/\/tatatuck.ch\/2021\/wp-content\/uploads\/2020\/12\/filztatatuck-180x180.jpg 180w\" sizes=\"auto, (max-width: 400px) 100vw, 400px\" \/><\/div><\/li><li  class=' slide-5 ' ><div data-rel='slideshow-1' class='avia-slide-wrap '   ><img loading=\"lazy\" decoding=\"async\" class=\"wp-image-38 avia-img-lazy-loading-38\"  src=\"https:\/\/tatatuck.ch\/2021\/wp-content\/uploads\/2020\/12\/herbstblaetter.jpg\" width=\"400\" height=\"400\" title='herbstblaetter' alt=''  itemprop=\"thumbnailUrl\" srcset=\"https:\/\/tatatuck.ch\/2021\/wp-content\/uploads\/2020\/12\/herbstblaetter.jpg 400w, https:\/\/tatatuck.ch\/2021\/wp-content\/uploads\/2020\/12\/herbstblaetter-300x300.jpg 300w, https:\/\/tatatuck.ch\/2021\/wp-content\/uploads\/2020\/12\/herbstblaetter-80x80.jpg 80w, https:\/\/tatatuck.ch\/2021\/wp-content\/uploads\/2020\/12\/herbstblaetter-36x36.jpg 36w, https:\/\/tatatuck.ch\/2021\/wp-content\/uploads\/2020\/12\/herbstblaetter-180x180.jpg 180w\" sizes=\"auto, (max-width: 400px) 100vw, 400px\" \/><\/div><\/li><li  class=' slide-6 ' ><div data-rel='slideshow-1' class='avia-slide-wrap '   ><img loading=\"lazy\" decoding=\"async\" class=\"wp-image-39 avia-img-lazy-loading-39\"  src=\"https:\/\/tatatuck.ch\/2021\/wp-content\/uploads\/2020\/12\/karabiner.jpg\" width=\"400\" height=\"400\" title='karabiner' alt=''  itemprop=\"thumbnailUrl\" srcset=\"https:\/\/tatatuck.ch\/2021\/wp-content\/uploads\/2020\/12\/karabiner.jpg 400w, https:\/\/tatatuck.ch\/2021\/wp-content\/uploads\/2020\/12\/karabiner-300x300.jpg 300w, https:\/\/tatatuck.ch\/2021\/wp-content\/uploads\/2020\/12\/karabiner-80x80.jpg 80w, https:\/\/tatatuck.ch\/2021\/wp-content\/uploads\/2020\/12\/karabiner-36x36.jpg 36w, https:\/\/tatatuck.ch\/2021\/wp-content\/uploads\/2020\/12\/karabiner-180x180.jpg 180w\" sizes=\"auto, (max-width: 400px) 100vw, 400px\" \/><\/div><\/li><li  class=' slide-7 ' ><div data-rel='slideshow-1' class='avia-slide-wrap '   ><img loading=\"lazy\" decoding=\"async\" class=\"wp-image-40 avia-img-lazy-loading-40\"  src=\"https:\/\/tatatuck.ch\/2021\/wp-content\/uploads\/2020\/12\/kasper.jpg\" width=\"400\" height=\"400\" title='kasper' alt=''  itemprop=\"thumbnailUrl\" srcset=\"https:\/\/tatatuck.ch\/2021\/wp-content\/uploads\/2020\/12\/kasper.jpg 400w, https:\/\/tatatuck.ch\/2021\/wp-content\/uploads\/2020\/12\/kasper-300x300.jpg 300w, https:\/\/tatatuck.ch\/2021\/wp-content\/uploads\/2020\/12\/kasper-80x80.jpg 80w, https:\/\/tatatuck.ch\/2021\/wp-content\/uploads\/2020\/12\/kasper-36x36.jpg 36w, https:\/\/tatatuck.ch\/2021\/wp-content\/uploads\/2020\/12\/kasper-180x180.jpg 180w\" sizes=\"auto, (max-width: 400px) 100vw, 400px\" \/><\/div><\/li><li  class=' slide-8 ' ><div data-rel='slideshow-1' class='avia-slide-wrap '   ><img loading=\"lazy\" decoding=\"async\" class=\"wp-image-41 avia-img-lazy-loading-41\"  src=\"https:\/\/tatatuck.ch\/2021\/wp-content\/uploads\/2020\/12\/klettern.jpg\" width=\"400\" height=\"400\" title='klettern' alt=''  itemprop=\"thumbnailUrl\" srcset=\"https:\/\/tatatuck.ch\/2021\/wp-content\/uploads\/2020\/12\/klettern.jpg 400w, https:\/\/tatatuck.ch\/2021\/wp-content\/uploads\/2020\/12\/klettern-300x300.jpg 300w, https:\/\/tatatuck.ch\/2021\/wp-content\/uploads\/2020\/12\/klettern-80x80.jpg 80w, https:\/\/tatatuck.ch\/2021\/wp-content\/uploads\/2020\/12\/klettern-36x36.jpg 36w, https:\/\/tatatuck.ch\/2021\/wp-content\/uploads\/2020\/12\/klettern-180x180.jpg 180w\" sizes=\"auto, (max-width: 400px) 100vw, 400px\" \/><\/div><\/li><li  class=' slide-9 ' ><div data-rel='slideshow-1' class='avia-slide-wrap '   ><img loading=\"lazy\" decoding=\"async\" class=\"wp-image-42 avia-img-lazy-loading-42\"  src=\"https:\/\/tatatuck.ch\/2021\/wp-content\/uploads\/2020\/12\/kochen.jpg\" width=\"400\" height=\"400\" title='kochen' alt=''  itemprop=\"thumbnailUrl\" srcset=\"https:\/\/tatatuck.ch\/2021\/wp-content\/uploads\/2020\/12\/kochen.jpg 400w, https:\/\/tatatuck.ch\/2021\/wp-content\/uploads\/2020\/12\/kochen-300x300.jpg 300w, https:\/\/tatatuck.ch\/2021\/wp-content\/uploads\/2020\/12\/kochen-80x80.jpg 80w, https:\/\/tatatuck.ch\/2021\/wp-content\/uploads\/2020\/12\/kochen-36x36.jpg 36w, https:\/\/tatatuck.ch\/2021\/wp-content\/uploads\/2020\/12\/kochen-180x180.jpg 180w\" sizes=\"auto, (max-width: 400px) 100vw, 400px\" \/><\/div><\/li><li  class=' slide-10 ' ><div data-rel='slideshow-1' class='avia-slide-wrap '   ><img loading=\"lazy\" decoding=\"async\" class=\"wp-image-43 avia-img-lazy-loading-43\"  src=\"https:\/\/tatatuck.ch\/2021\/wp-content\/uploads\/2020\/12\/reichsapfel.jpg\" width=\"400\" height=\"400\" title='reichsapfel' alt=''  itemprop=\"thumbnailUrl\" srcset=\"https:\/\/tatatuck.ch\/2021\/wp-content\/uploads\/2020\/12\/reichsapfel.jpg 400w, https:\/\/tatatuck.ch\/2021\/wp-content\/uploads\/2020\/12\/reichsapfel-300x300.jpg 300w, https:\/\/tatatuck.ch\/2021\/wp-content\/uploads\/2020\/12\/reichsapfel-80x80.jpg 80w, https:\/\/tatatuck.ch\/2021\/wp-content\/uploads\/2020\/12\/reichsapfel-36x36.jpg 36w, https:\/\/tatatuck.ch\/2021\/wp-content\/uploads\/2020\/12\/reichsapfel-180x180.jpg 180w\" sizes=\"auto, (max-width: 400px) 100vw, 400px\" \/><\/div><\/li><li  class=' slide-11 ' ><div data-rel='slideshow-1' class='avia-slide-wrap '   ><img loading=\"lazy\" decoding=\"async\" class=\"wp-image-44 avia-img-lazy-loading-44\"  src=\"https:\/\/tatatuck.ch\/2021\/wp-content\/uploads\/2020\/12\/schiff2.jpg\" width=\"400\" height=\"400\" title='schiff2' alt=''  itemprop=\"thumbnailUrl\" srcset=\"https:\/\/tatatuck.ch\/2021\/wp-content\/uploads\/2020\/12\/schiff2.jpg 400w, https:\/\/tatatuck.ch\/2021\/wp-content\/uploads\/2020\/12\/schiff2-300x300.jpg 300w, https:\/\/tatatuck.ch\/2021\/wp-content\/uploads\/2020\/12\/schiff2-80x80.jpg 80w, https:\/\/tatatuck.ch\/2021\/wp-content\/uploads\/2020\/12\/schiff2-36x36.jpg 36w, https:\/\/tatatuck.ch\/2021\/wp-content\/uploads\/2020\/12\/schiff2-180x180.jpg 180w\" sizes=\"auto, (max-width: 400px) 100vw, 400px\" \/><\/div><\/li><li  class=' slide-12 ' ><div data-rel='slideshow-1' class='avia-slide-wrap '   ><img loading=\"lazy\" decoding=\"async\" class=\"wp-image-45 avia-img-lazy-loading-45\"  src=\"https:\/\/tatatuck.ch\/2021\/wp-content\/uploads\/2020\/12\/stauen.jpg\" width=\"400\" height=\"400\" title='stauen' alt=''  itemprop=\"thumbnailUrl\" srcset=\"https:\/\/tatatuck.ch\/2021\/wp-content\/uploads\/2020\/12\/stauen.jpg 400w, https:\/\/tatatuck.ch\/2021\/wp-content\/uploads\/2020\/12\/stauen-300x300.jpg 300w, https:\/\/tatatuck.ch\/2021\/wp-content\/uploads\/2020\/12\/stauen-80x80.jpg 80w, https:\/\/tatatuck.ch\/2021\/wp-content\/uploads\/2020\/12\/stauen-36x36.jpg 36w, https:\/\/tatatuck.ch\/2021\/wp-content\/uploads\/2020\/12\/stauen-180x180.jpg 180w\" sizes=\"auto, (max-width: 400px) 100vw, 400px\" \/><\/div><\/li><li  class=' slide-13 ' ><div data-rel='slideshow-1' class='avia-slide-wrap '   ><img loading=\"lazy\" decoding=\"async\" class=\"wp-image-46 avia-img-lazy-loading-46\"  src=\"https:\/\/tatatuck.ch\/2021\/wp-content\/uploads\/2020\/12\/stauen3.jpg\" width=\"400\" height=\"400\" title='stauen3' alt=''  itemprop=\"thumbnailUrl\" srcset=\"https:\/\/tatatuck.ch\/2021\/wp-content\/uploads\/2020\/12\/stauen3.jpg 400w, https:\/\/tatatuck.ch\/2021\/wp-content\/uploads\/2020\/12\/stauen3-300x300.jpg 300w, https:\/\/tatatuck.ch\/2021\/wp-content\/uploads\/2020\/12\/stauen3-80x80.jpg 80w, https:\/\/tatatuck.ch\/2021\/wp-content\/uploads\/2020\/12\/stauen3-36x36.jpg 36w, https:\/\/tatatuck.ch\/2021\/wp-content\/uploads\/2020\/12\/stauen3-180x180.jpg 180w\" sizes=\"auto, (max-width: 400px) 100vw, 400px\" \/><\/div><\/li><li  class=' slide-14 ' ><div data-rel='slideshow-1' class='avia-slide-wrap '   ><img loading=\"lazy\" decoding=\"async\" class=\"wp-image-47 avia-img-lazy-loading-47\"  src=\"https:\/\/tatatuck.ch\/2021\/wp-content\/uploads\/2020\/12\/stock.jpg\" width=\"400\" height=\"400\" title='stock' alt=''  itemprop=\"thumbnailUrl\" srcset=\"https:\/\/tatatuck.ch\/2021\/wp-content\/uploads\/2020\/12\/stock.jpg 400w, https:\/\/tatatuck.ch\/2021\/wp-content\/uploads\/2020\/12\/stock-300x300.jpg 300w, https:\/\/tatatuck.ch\/2021\/wp-content\/uploads\/2020\/12\/stock-80x80.jpg 80w, https:\/\/tatatuck.ch\/2021\/wp-content\/uploads\/2020\/12\/stock-36x36.jpg 36w, https:\/\/tatatuck.ch\/2021\/wp-content\/uploads\/2020\/12\/stock-180x180.jpg 180w\" sizes=\"auto, (max-width: 400px) 100vw, 400px\" \/><\/div><\/li><li  class=' slide-15 ' ><div data-rel='slideshow-1' class='avia-slide-wrap '   ><img loading=\"lazy\" decoding=\"async\" class=\"wp-image-48 avia-img-lazy-loading-48\"  src=\"https:\/\/tatatuck.ch\/2021\/wp-content\/uploads\/2020\/12\/waldhaus3.jpg\" width=\"400\" height=\"400\" title='waldhaus3' alt=''  itemprop=\"thumbnailUrl\" srcset=\"https:\/\/tatatuck.ch\/2021\/wp-content\/uploads\/2020\/12\/waldhaus3.jpg 400w, https:\/\/tatatuck.ch\/2021\/wp-content\/uploads\/2020\/12\/waldhaus3-300x300.jpg 300w, https:\/\/tatatuck.ch\/2021\/wp-content\/uploads\/2020\/12\/waldhaus3-80x80.jpg 80w, https:\/\/tatatuck.ch\/2021\/wp-content\/uploads\/2020\/12\/waldhaus3-36x36.jpg 36w, https:\/\/tatatuck.ch\/2021\/wp-content\/uploads\/2020\/12\/waldhaus3-180x180.jpg 180w\" sizes=\"auto, (max-width: 400px) 100vw, 400px\" \/><\/div><\/li><li  class=' slide-16 ' ><div data-rel='slideshow-1' class='avia-slide-wrap '   ><img loading=\"lazy\" decoding=\"async\" class=\"wp-image-49 avia-img-lazy-loading-49\"  src=\"https:\/\/tatatuck.ch\/2021\/wp-content\/uploads\/2020\/12\/wurzeln.jpg\" width=\"400\" height=\"400\" title='wurzeln' alt=''  itemprop=\"thumbnailUrl\" srcset=\"https:\/\/tatatuck.ch\/2021\/wp-content\/uploads\/2020\/12\/wurzeln.jpg 400w, https:\/\/tatatuck.ch\/2021\/wp-content\/uploads\/2020\/12\/wurzeln-300x300.jpg 300w, https:\/\/tatatuck.ch\/2021\/wp-content\/uploads\/2020\/12\/wurzeln-80x80.jpg 80w, https:\/\/tatatuck.ch\/2021\/wp-content\/uploads\/2020\/12\/wurzeln-36x36.jpg 36w, https:\/\/tatatuck.ch\/2021\/wp-content\/uploads\/2020\/12\/wurzeln-180x180.jpg 180w\" sizes=\"auto, (max-width: 400px) 100vw, 400px\" \/><\/div><\/li><\/ul><div class='avia-slideshow-arrows avia-slideshow-controls'><a href='#prev' class='prev-slide' aria-hidden='true' data-av_icon='\ue87c' data-av_iconfont='entypo-fontello'>Zur\u00fcck<\/a><a href='#next' class='next-slide' aria-hidden='true' data-av_icon='\ue87d' data-av_iconfont='entypo-fontello'>Weiter<\/a><\/div><div class='avia-slideshow-dots avia-slideshow-controls'><a href='#1' class='goto-slide active' >1<\/a><a href='#2' class='goto-slide ' >2<\/a><a href='#3' class='goto-slide ' >3<\/a><a href='#4' class='goto-slide ' >4<\/a><a href='#5' class='goto-slide ' >5<\/a><a href='#6' class='goto-slide ' >6<\/a><a href='#7' class='goto-slide ' >7<\/a><a href='#8' class='goto-slide ' >8<\/a><a href='#9' class='goto-slide ' >9<\/a><a href='#10' class='goto-slide ' >10<\/a><a href='#11' class='goto-slide ' >11<\/a><a href='#12' class='goto-slide ' >12<\/a><a href='#13' class='goto-slide ' >13<\/a><a href='#14' class='goto-slide ' >14<\/a><a href='#15' class='goto-slide ' >15<\/a><a href='#16' class='goto-slide ' >16<\/a><\/div><\/div><\/div><\/div><!--close column table wrapper. Autoclose: 1 --><\/p>\n<div class=\"flex_column av_one_full  av-animated-generic pop-up  flex_column_div first  avia-builder-el-5  el_after_av_one_half  el_before_av_one_full  column-top-margin\" style='margin-top:15px; margin-bottom:15px; background: #ffffff; border-width:1px; border-color:#ffffff; border-style:solid; box-shadow: 0 0 10px 0 #eeeeee; padding:15px; background-color:#ffffff; border-radius:5px; '><p><div  style='padding-bottom:10px; ' class='av-special-heading av-special-heading-h3  blockquote modern-quote  avia-builder-el-6  el_before_av_textblock  avia-builder-el-first  '><h3 class='av-special-heading-tag '  itemprop=\"headline\"  >Unterrichtszeiten<\/h3><div class='special-heading-border'><div class='special-heading-inner-border' ><\/div><\/div><\/div><br \/>\n<section class=\"av_textblock_section \"  itemscope=\"itemscope\" itemtype=\"https:\/\/schema.org\/CreativeWork\" ><div class='avia_textblock  '   itemprop=\"text\" ><p>Dienstag: 8.30 bis 12.00 Uhr oder 14.00 Uhr inkl. Mittags Pia Nic<br \/>\nDonnerstag: 8.30 bis 12.00 Uhr oder 14.00 Uhr inkl. Mittags Pia Nic<\/p>\n<p><strong>Treffpunkt: Feuerwehrmagazin in Ringgenberg<\/strong><\/p>\n<\/div><\/section><\/p><\/div>\n<div class=\"flex_column av_one_full  av-animated-generic pop-up  flex_column_div first  avia-builder-el-8  el_after_av_one_full  avia-builder-el-last  column-top-margin\" style='margin-top:15px; margin-bottom:15px; background: #ffffff; border-width:1px; border-color:#ffffff; border-style:solid; box-shadow: 0 0 10px 0 #eeeeee; padding:15px; background-color:#ffffff; border-radius:5px; '><section class=\"av_textblock_section \"  itemscope=\"itemscope\" itemtype=\"https:\/\/schema.org\/CreativeWork\" ><div class='avia_textblock  '   itemprop=\"text\" ><p>Der Eintritt ist jederzeit m\u00f6glich, sofern freie\u00a0Pl\u00e4tze vorhanden sind. Lernen Sie uns kennen und besuchen Sie uns im Wald!<\/p>\n<p><strong>Anmeldung: Telefon\u00a0<a href=\"tel:079 730 72 50\">079 730 72 50<\/a><\/strong><br \/>\noder per Formular:<\/p>\n<p><a title=\"Dokumente\" href=\"https:\/\/tatatuck.ch\/2021\/dokumente\/\">Zur Anmeldung<\/a><\/p>\n<\/div><\/section><\/div>\n","protected":false},"excerpt":{"rendered":"","protected":false},"author":1,"featured_media":0,"parent":19,"menu_order":0,"comment_status":"closed","ping_status":"closed","template":"","meta":{"footnotes":""},"class_list":["post-32","page","type-page","status-publish","hentry"],"_links":{"self":[{"href":"https:\/\/tatatuck.ch\/2021\/wp-json\/wp\/v2\/pages\/32","targetHints":{"allow":["GET"]}}],"collection":[{"href":"https:\/\/tatatuck.ch\/2021\/wp-json\/wp\/v2\/pages"}],"about":[{"href":"https:\/\/tatatuck.ch\/2021\/wp-json\/wp\/v2\/types\/page"}],"author":[{"embeddable":true,"href":"https:\/\/tatatuck.ch\/2021\/wp-json\/wp\/v2\/users\/1"}],"replies":[{"embeddable":true,"href":"https:\/\/tatatuck.ch\/2021\/wp-json\/wp\/v2\/comments?post=32"}],"version-history":[{"count":19,"href":"https:\/\/tatatuck.ch\/2021\/wp-json\/wp\/v2\/pages\/32\/revisions"}],"predecessor-version":[{"id":396,"href":"https:\/\/tatatuck.ch\/2021\/wp-json\/wp\/v2\/pages\/32\/revisions\/396"}],"up":[{"embeddable":true,"href":"https:\/\/tatatuck.ch\/2021\/wp-json\/wp\/v2\/pages\/19"}],"wp:attachment":[{"href":"https:\/\/tatatuck.ch\/2021\/wp-json\/wp\/v2\/media?parent=32"}],"curies":[{"name":"wp","href":"https:\/\/api.w.org\/{rel}","templated":true}]}}