{"id":88,"date":"2020-12-30T11:44:48","date_gmt":"2020-12-30T11:44:48","guid":{"rendered":"https:\/\/tatatuck.ch\/2021\/?page_id=88"},"modified":"2022-08-04T07:53:06","modified_gmt":"2022-08-04T05:53:06","slug":"tatatuck-waldspielgruppe","status":"publish","type":"page","link":"https:\/\/tatatuck.ch\/2021\/angebot\/tatatuck-waldspielgruppe\/","title":{"rendered":"Tatatuck Waldspielgruppe"},"content":{"rendered":"<div  style='padding-bottom:10px; ' class='av-special-heading av-special-heading-h1  blockquote modern-quote  avia-builder-el-0  el_before_av_one_full  avia-builder-el-first  '><h1 class='av-special-heading-tag '  itemprop=\"headline\"  >Tatatuck Waldspielgruppe<\/h1><div class='special-heading-border'><div class='special-heading-inner-border' ><\/div><\/div><\/div>\n<div class=\"flex_column av_one_full  av-animated-generic pop-up  flex_column_div first  avia-builder-el-1  el_after_av_heading  el_before_av_one_half  \" style='margin-top:15px; margin-bottom:15px; background: #ffffff; border-width:1px; border-color:#ffffff; border-style:solid; box-shadow: 0 0 10px 0 #eeeeee; padding:15px; background-color:#ffffff; border-radius:5px; '><section class=\"av_textblock_section \"  itemscope=\"itemscope\" itemtype=\"https:\/\/schema.org\/CreativeWork\" ><div class='avia_textblock  '   itemprop=\"text\" ><p>Die TATATUCK-Spielgruppe \u201aWaldm\u00fcsli\u2018 ist offen f\u00fcr Kinder ab 2,5 Jahren und kann Dienstag und Donnerstag besucht werden.<\/p>\n<\/div><\/section><\/div>\n<div class=\"flex_column av_one_half  av-animated-generic pop-up  flex_column_div first  avia-builder-el-3  el_after_av_one_full  el_before_av_one_half  column-top-margin\" style='margin-top:15px; margin-bottom:15px; background: #ffffff; border-width:1px; border-color:#ffffff; border-style:solid; box-shadow: 0 0 10px 0 #eeeeee; padding:15px; background-color:#ffffff; border-radius:5px; '><section class=\"av_textblock_section \"  itemscope=\"itemscope\" itemtype=\"https:\/\/schema.org\/CreativeWork\" ><div class='avia_textblock  '   itemprop=\"text\" ><div>Den Kindern eine wunderbare Waldzeit zu erm\u00f6glichen ist mein Herzensanliegen. Priorit\u00e4t hat im Tatatuck Angebot das freie Spiel in der Natur: Eigenaktiv aus sich heraus sich besch\u00e4ftigen, spielen, klettern, tasten, sp\u00fcren, erste Schritte im Miteinander wagen und vieles mehr, kann erlebt und ge\u00fcbt werden.<\/div>\n<div>\n<p>Daneben begleiten wir das Naturerleben mit kleinen Bewegungsspielen, Fingerversen, Puppenspielen und Geschichten. Auf diese Weise erhalten die Kinder gem\u00fctvolle, entwicklungsf\u00f6rdernde Anregungen.<\/p>\n<p>Ebenfalls hat das Miterleben der Jahreszeiten und das vorbereiten und feiern der Jahresfeste\u00a0\u00a0einen hohen Stellenwert<\/p>\n<\/div>\n<p><strong>Zeiten:<\/strong> Dienstag- und Donnerstagvormittag 8.30 bis 12.00 oder inkl. Mittags Pic Nic bis um 14.00<\/p>\n<p><strong>Treffpunkt: Feuerwehrmagazin in Ringgenberg<\/strong><\/p>\n<p>Der Eintritt in die Spielgruppe und Kindergarten ist jederzeit m\u00f6glich, sofern freie<br \/>\nPl\u00e4tze vorhanden sind. Lernen Sie uns kennen und besuchen Sie uns im Wald!<\/p>\n<p><strong>Anmeldung: Telefon <a href=\"tel:079 730 72 50\">079 730 72 50<\/a><\/strong><br \/>\noder per Formular:<\/p>\n<p><a title=\"Dokumente\" href=\"https:\/\/tatatuck.ch\/2021\/dokumente\/\">zum Anmeldeformular<\/a><\/p>\n<\/div><\/section><\/div><div class=\"flex_column av_one_half  av-animated-generic pop-up  flex_column_div av-zero-column-padding   avia-builder-el-5  el_after_av_one_half  avia-builder-el-last  column-top-margin\" style='margin-top:15px; margin-bottom:15px; background: #ffffff; border-width:1px; border-color:#ffffff; border-style:solid; box-shadow: 0 0 10px 0 #eeeeee; background-color:#ffffff; border-radius:5px; '><div  class='avia-image-container  av-styling-    avia-builder-el-6  avia-builder-el-no-sibling  avia-align-center '  itemprop=\"image\" itemscope=\"itemscope\" itemtype=\"https:\/\/schema.org\/ImageObject\"  ><div class='avia-image-container-inner'><div class='avia-image-overlay-wrap'><img decoding=\"async\" class='wp-image-89 avia-img-lazy-loading-not-89 avia_image' src=\"https:\/\/tatatuck.ch\/2021\/wp-content\/uploads\/2020\/12\/DSC_0279.jpg\" alt='' title='' height=\"720\" width=\"483\"  itemprop=\"thumbnailUrl\" srcset=\"https:\/\/tatatuck.ch\/2021\/wp-content\/uploads\/2020\/12\/DSC_0279.jpg 483w, https:\/\/tatatuck.ch\/2021\/wp-content\/uploads\/2020\/12\/DSC_0279-201x300.jpg 201w, https:\/\/tatatuck.ch\/2021\/wp-content\/uploads\/2020\/12\/DSC_0279-473x705.jpg 473w\" sizes=\"(max-width: 483px) 100vw, 483px\" \/><\/div><\/div><\/div><\/div><\/p>\n","protected":false},"excerpt":{"rendered":"","protected":false},"author":1,"featured_media":0,"parent":19,"menu_order":5,"comment_status":"closed","ping_status":"closed","template":"","meta":{"footnotes":""},"class_list":["post-88","page","type-page","status-publish","hentry"],"_links":{"self":[{"href":"https:\/\/tatatuck.ch\/2021\/wp-json\/wp\/v2\/pages\/88","targetHints":{"allow":["GET"]}}],"collection":[{"href":"https:\/\/tatatuck.ch\/2021\/wp-json\/wp\/v2\/pages"}],"about":[{"href":"https:\/\/tatatuck.ch\/2021\/wp-json\/wp\/v2\/types\/page"}],"author":[{"embeddable":true,"href":"https:\/\/tatatuck.ch\/2021\/wp-json\/wp\/v2\/users\/1"}],"replies":[{"embeddable":true,"href":"https:\/\/tatatuck.ch\/2021\/wp-json\/wp\/v2\/comments?post=88"}],"version-history":[{"count":7,"href":"https:\/\/tatatuck.ch\/2021\/wp-json\/wp\/v2\/pages\/88\/revisions"}],"predecessor-version":[{"id":378,"href":"https:\/\/tatatuck.ch\/2021\/wp-json\/wp\/v2\/pages\/88\/revisions\/378"}],"up":[{"embeddable":true,"href":"https:\/\/tatatuck.ch\/2021\/wp-json\/wp\/v2\/pages\/19"}],"wp:attachment":[{"href":"https:\/\/tatatuck.ch\/2021\/wp-json\/wp\/v2\/media?parent=88"}],"curies":[{"name":"wp","href":"https:\/\/api.w.org\/{rel}","templated":true}]}}