{"id":93,"date":"2020-12-30T11:53:31","date_gmt":"2020-12-30T11:53:31","guid":{"rendered":"https:\/\/tatatuck.ch\/2021\/?page_id=93"},"modified":"2022-08-04T08:05:07","modified_gmt":"2022-08-04T06:05:07","slug":"eltern-kind-gruppe","status":"publish","type":"page","link":"https:\/\/tatatuck.ch\/2021\/angebot\/eltern-kind-gruppe\/","title":{"rendered":"Eltern-Kind-Gruppe"},"content":{"rendered":"<div  style='padding-bottom:10px; ' class='av-special-heading av-special-heading-h1  blockquote modern-quote  avia-builder-el-0  el_before_av_one_full  avia-builder-el-first  '><h1 class='av-special-heading-tag '  itemprop=\"headline\"  >Eltern-Kind-Gruppe<\/h1><div class='special-heading-border'><div class='special-heading-inner-border' ><\/div><\/div><\/div>\n<div class=\"flex_column av_one_full  av-animated-generic pop-up  flex_column_div first  avia-builder-el-1  el_after_av_heading  el_before_av_one_half  \" style='margin-top:15px; margin-bottom:15px; background: #ffffff; border-width:1px; border-color:#ffffff; border-style:solid; box-shadow: 0 0 10px 0 #eeeeee; padding:15px; background-color:#ffffff; border-radius:5px; '><section class=\"av_textblock_section \"  itemscope=\"itemscope\" itemtype=\"https:\/\/schema.org\/CreativeWork\" ><div class='avia_textblock  '   itemprop=\"text\" ><p>Wir stellen Ihnen und Ihrem Kind (Alter bis 3 Jahre) einen Spielraum zur Verf\u00fcgung in dem sie das Walderleben kennen lernen und entdecken k\u00f6nnen. Ihr Kind kann auf Entdeckungsreise gehen und sich so ganz seinen individuellen Bed\u00fcrfnissen entsprechend mit den Sch\u00e4tzen der Natur vertraut machen. Wir Erwachsene begleiten die Kinder dabei mit unserer liebevollen Aufmerksamkeit. Zudem \u00fcben wir Erwachsene, die Kinder in ihrem Tun achtsam zu beobachten und sie in ihrem Grundsatz: \u201cLass mir Zeit es selbst zu tun!\u201d zu respektieren und zu unterst\u00fctzen.<\/p>\n<p>Daneben bekommen Sie Anregungen im kreativen Schaffen mit Naturmaterialen und wir schm\u00fccken unser Zusammensein mit Liedern, Versen und\u00a0kleinen Geschichten. Neugierig?<\/p>\n<\/div><\/section><\/div><div class=\"flex_column av_one_half  av-animated-generic pop-up  flex_column_div first  avia-builder-el-3  el_after_av_one_full  el_before_av_one_half  column-top-margin\" style='margin-top:15px; margin-bottom:15px; background: #ffffff; border-width:1px; border-color:#ffffff; border-style:solid; box-shadow: 0 0 10px 0 #eeeeee; padding:15px; background-color:#ffffff; border-radius:5px; '><section class=\"av_textblock_section \"  itemscope=\"itemscope\" itemtype=\"https:\/\/schema.org\/CreativeWork\" ><div class='avia_textblock  '   itemprop=\"text\" ><p><strong>Zeiten:<\/strong><br \/>\nJeweils Dienstag oder Donnerstag 9.00 bis 11.15 Uhr<br \/>\n<strong>Treffpunkt:<br \/>\n<\/strong>direkt im Wald in Ringgenberg. Die erste Etappe zu unserem Vorhaben ist der Weg hoch zum Tatatuck Waldplatz. Der Weg ist recht beschwerlich (Steigung) und es ist gut gen\u00fcgend Zeit daf\u00fcr einzuberechnen ca. 20-30 Min. Am besten ist, wenn ihr unten beim Feuerwehrmagazin parkt, und von da aus die Hagenstrasse bis zur Kurve hochlauft!<br \/>\n<strong>Mitbringen:<\/strong><br \/>\nein gesundes Zn\u00fcni ohne S\u00fcssigkeiten<br \/>\n<strong>Ausr\u00fcstung:<\/strong><br \/>\nLang\u00e4rmlige Bekleidung, eine M\u00fctze und gute feste Schuhe. Bitte beachtet, die Kleinen bewegen sich meist noch nicht so viel und brauchen deshalb viel W\u00e4rme durch die Bekleidung.<br \/>\nF\u00fcr die kalten Zeiten: Bei gemeldeten H\u00f6chsttemperaturen von 4\u00b0 und weniger, braucht es mind. 4 Schichten!<br \/>\n<strong>Teilnahme:<\/strong><br \/>\nEltern mit Kindern zwischen 1-3 Jahre oder nach Absprache. Regelm\u00e4ssigkeit ist f\u00fcr alle Beteiligten optimal, aber bei eisigen Temperaturen und widrigen Wetterverh\u00e4ltnissen macht es wenig Sinn. Das Wohlbefinden hat h\u00f6chste Priorit\u00e4t!<br \/>\nBei Unsicherheit einfach kurz per Telefon oder SMS nachfragen<br \/>\n<strong>Kosten:<\/strong><br \/>\n1 Eltern Kind Morgen 20.- \/ 5er-Abo 90.- \/ 10er-Abo 180.- Zahlung direkt Vorort oder per Einzahlungsschein<br \/>\n<strong>Anmeldung:<\/strong><br \/>\nper Mail: <a href=\"mailto:info@tatatuck.ch\">info@tatatuck.ch<\/a> oder Telefon <a href=\"tel:0797307250\">079 730 72 50<\/a> mit folgenden Angaben: Name und Geburtsdatum des\/der Kindes\/r, Mailadresse und Telefonnummer.<br \/>\nDie Eltern Kind Gruppe findet integriert in die Waldspielgruppe statt.<\/p>\n<\/div><\/section><\/div><div class=\"flex_column av_one_half  av-animated-generic pop-up  flex_column_div av-zero-column-padding   avia-builder-el-5  el_after_av_one_half  avia-builder-el-last  column-top-margin\" style='margin-top:15px; margin-bottom:15px; background: #ffffff; border-width:1px; border-color:#ffffff; border-style:solid; box-shadow: 0 0 10px 0 #eeeeee; background-color:#ffffff; border-radius:5px; '><div  class='avia-image-container  av-styling-    avia-builder-el-6  avia-builder-el-no-sibling  avia-align-center '  itemprop=\"image\" itemscope=\"itemscope\" itemtype=\"https:\/\/schema.org\/ImageObject\"  ><div class='avia-image-container-inner'><div class='avia-image-overlay-wrap'><img decoding=\"async\" class='wp-image-94 avia-img-lazy-loading-not-94 avia_image' src=\"https:\/\/tatatuck.ch\/2021\/wp-content\/uploads\/2020\/12\/DSC_1713-495x400.jpg\" alt='' title='Eltern-Kind-Gruppe' height=\"400\" width=\"495\"  itemprop=\"thumbnailUrl\" srcset=\"https:\/\/tatatuck.ch\/2021\/wp-content\/uploads\/2020\/12\/DSC_1713-495x400.jpg 495w, https:\/\/tatatuck.ch\/2021\/wp-content\/uploads\/2020\/12\/DSC_1713-845x684.jpg 845w\" sizes=\"(max-width: 495px) 100vw, 495px\" \/><\/div><\/div><\/div><\/div><\/p>\n","protected":false},"excerpt":{"rendered":"","protected":false},"author":1,"featured_media":0,"parent":19,"menu_order":10,"comment_status":"closed","ping_status":"closed","template":"","meta":{"footnotes":""},"class_list":["post-93","page","type-page","status-publish","hentry"],"_links":{"self":[{"href":"https:\/\/tatatuck.ch\/2021\/wp-json\/wp\/v2\/pages\/93","targetHints":{"allow":["GET"]}}],"collection":[{"href":"https:\/\/tatatuck.ch\/2021\/wp-json\/wp\/v2\/pages"}],"about":[{"href":"https:\/\/tatatuck.ch\/2021\/wp-json\/wp\/v2\/types\/page"}],"author":[{"embeddable":true,"href":"https:\/\/tatatuck.ch\/2021\/wp-json\/wp\/v2\/users\/1"}],"replies":[{"embeddable":true,"href":"https:\/\/tatatuck.ch\/2021\/wp-json\/wp\/v2\/comments?post=93"}],"version-history":[{"count":4,"href":"https:\/\/tatatuck.ch\/2021\/wp-json\/wp\/v2\/pages\/93\/revisions"}],"predecessor-version":[{"id":380,"href":"https:\/\/tatatuck.ch\/2021\/wp-json\/wp\/v2\/pages\/93\/revisions\/380"}],"up":[{"embeddable":true,"href":"https:\/\/tatatuck.ch\/2021\/wp-json\/wp\/v2\/pages\/19"}],"wp:attachment":[{"href":"https:\/\/tatatuck.ch\/2021\/wp-json\/wp\/v2\/media?parent=93"}],"curies":[{"name":"wp","href":"https:\/\/api.w.org\/{rel}","templated":true}]}}